{"id":4234,"date":"2025-06-16T17:06:47","date_gmt":"2025-06-16T15:06:47","guid":{"rendered":"https:\/\/centaurospa.it\/2025edition\/zahlung-per-bankueberweisung\/"},"modified":"2025-06-16T17:50:16","modified_gmt":"2025-06-16T15:50:16","slug":"zahlung-per-bankueberweisung","status":"publish","type":"page","link":"https:\/\/centaurospa.it\/de\/zahlung-per-bankueberweisung\/","title":{"rendered":"Zahlung per Bank\u00fcberweisung"},"content":{"rendered":"\t\t<div data-elementor-type=\"wp-page\" data-elementor-id=\"4234\" class=\"elementor elementor-4234 elementor-4214\" data-elementor-post-type=\"page\">\n\t\t\t\t<div class=\"elementor-element elementor-element-fcd6501 e-flex e-con-boxed e-con e-parent\" data-id=\"fcd6501\" data-element_type=\"container\">\n\t\t\t\t\t<div class=\"e-con-inner\">\n\t\t\t\t<div class=\"elementor-element elementor-element-203eba9 elementor-widget elementor-widget-heading\" data-id=\"203eba9\" data-element_type=\"widget\" data-widget_type=\"heading.default\">\n\t\t\t\t<div class=\"elementor-widget-container\">\n\t\t\t\t\t<h2 class=\"elementor-heading-title elementor-size-default\">Zahlung per Bank\u00fcberweisung<\/h2>\t\t\t\t<\/div>\n\t\t\t\t<\/div>\n\t\t\t\t<div class=\"elementor-element elementor-element-98743aa elementor-widget elementor-widget-text-editor\" data-id=\"98743aa\" data-element_type=\"widget\" data-widget_type=\"text-editor.default\">\n\t\t\t\t<div class=\"elementor-widget-container\">\n\t\t\t\t\t\t\t\t\t<p><strong>Unsere Bankverbindung.<\/strong><\/p><p> <\/p><p>BPER BANCA S.P.A.<br>Via Carpi-Ravarino Nr. 390<br>41010 Limidi (Mo) Italien<br>SWIFT-Code: BPMOIT22XXX<br>Kontonummer: 491<br>IBAN-Code: IT10B0538767050000000000491  <\/p><p><br>Alle Bankgeb\u00fchren gehen zu Lasten des Absenders. Bei internationalen \u00dcberweisungen mit dem SWIFT MT103-System ist in Feld 71A \u201eGeb\u00fchrendetails\u201c der OUR-Code anzugeben.<br>BEN- und SHA-Codes werden nicht akzeptiert.<br>F\u00fcr jede Zahlung, die nach Abzug der Bankgeb\u00fchren gutgeschrieben wird, fordert Centauro eine zus\u00e4tzliche \u00dcberweisung des Restbetrags an. <\/p>\t\t\t\t\t\t\t\t<\/div>\n\t\t\t\t<\/div>\n\t\t\t\t\t<\/div>\n\t\t\t\t<\/div>\n\t\t\t\t<\/div>\n\t\t","protected":false},"excerpt":{"rendered":"<p>Zahlung per Bank\u00fcberweisung Unsere Bankverbindung. BPER BANCA S.P.A.Via Carpi-Ravarino Nr. 39041010 Limidi (Mo) ItalienSWIFT-Code: BPMOIT22XXXKontonummer: 491IBAN-Code: IT10B0538767050000000000491 Alle Bankgeb\u00fchren gehen zu Lasten des Absenders. Bei internationalen \u00dcberweisungen mit dem SWIFT MT103-System ist in Feld 71A \u201eGeb\u00fchrendetails\u201c der OUR-Code anzugeben.BEN- und SHA-Codes werden nicht akzeptiert.F\u00fcr jede Zahlung, die nach Abzug der Bankgeb\u00fchren gutgeschrieben wird, fordert Centauro [&hellip;]<\/p>\n","protected":false},"author":2,"featured_media":0,"parent":0,"menu_order":0,"comment_status":"closed","ping_status":"closed","template":"elementor_header_footer","meta":{"footnotes":""},"class_list":["post-4234","page","type-page","status-publish","hentry"],"yoast_head":"<!-- This site is optimized with the Yoast SEO plugin v26.8 - https:\/\/yoast.com\/product\/yoast-seo-wordpress\/ -->\n<title>Zahlung per Bank\u00fcberweisung - Centauro<\/title>\n<meta name=\"robots\" content=\"index, follow, max-snippet:-1, max-image-preview:large, max-video-preview:-1\" \/>\n<link rel=\"canonical\" href=\"https:\/\/centaurospa.it\/de\/zahlung-per-bankueberweisung\/\" \/>\n<meta property=\"og:locale\" content=\"de_DE\" \/>\n<meta property=\"og:type\" content=\"article\" \/>\n<meta property=\"og:title\" content=\"Zahlung per Bank\u00fcberweisung - Centauro\" \/>\n<meta property=\"og:description\" content=\"Zahlung per Bank\u00fcberweisung Unsere Bankverbindung. BPER BANCA S.P.A.Via Carpi-Ravarino Nr. 39041010 Limidi (Mo) ItalienSWIFT-Code: BPMOIT22XXXKontonummer: 491IBAN-Code: IT10B0538767050000000000491 Alle Bankgeb\u00fchren gehen zu Lasten des Absenders. Bei internationalen \u00dcberweisungen mit dem SWIFT MT103-System ist in Feld 71A \u201eGeb\u00fchrendetails\u201c der OUR-Code anzugeben.BEN- und SHA-Codes werden nicht akzeptiert.F\u00fcr jede Zahlung, die nach Abzug der Bankgeb\u00fchren gutgeschrieben wird, fordert Centauro [&hellip;]\" \/>\n<meta property=\"og:url\" content=\"https:\/\/centaurospa.it\/de\/zahlung-per-bankueberweisung\/\" \/>\n<meta property=\"og:site_name\" content=\"Centauro\" \/>\n<meta property=\"article:publisher\" content=\"https:\/\/www.facebook.com\/p\/Centauro-SPA-100063529692066\/\" \/>\n<meta property=\"article:modified_time\" content=\"2025-06-16T15:50:16+00:00\" \/>\n<meta name=\"twitter:card\" content=\"summary_large_image\" \/>\n<script type=\"application\/ld+json\" class=\"yoast-schema-graph\">{\"@context\":\"https:\/\/schema.org\",\"@graph\":[{\"@type\":\"WebPage\",\"@id\":\"https:\/\/centaurospa.it\/de\/zahlung-per-bankueberweisung\/\",\"url\":\"https:\/\/centaurospa.it\/de\/zahlung-per-bankueberweisung\/\",\"name\":\"Zahlung per Bank\u00fcberweisung - Centauro\",\"isPartOf\":{\"@id\":\"https:\/\/centaurospa.it\/de\/#website\"},\"datePublished\":\"2025-06-16T15:06:47+00:00\",\"dateModified\":\"2025-06-16T15:50:16+00:00\",\"breadcrumb\":{\"@id\":\"https:\/\/centaurospa.it\/de\/zahlung-per-bankueberweisung\/#breadcrumb\"},\"inLanguage\":\"de\",\"potentialAction\":[{\"@type\":\"ReadAction\",\"target\":[\"https:\/\/centaurospa.it\/de\/zahlung-per-bankueberweisung\/\"]}]},{\"@type\":\"BreadcrumbList\",\"@id\":\"https:\/\/centaurospa.it\/de\/zahlung-per-bankueberweisung\/#breadcrumb\",\"itemListElement\":[{\"@type\":\"ListItem\",\"position\":1,\"name\":\"Home\",\"item\":\"https:\/\/centaurospa.it\/de\/startseite\/\"},{\"@type\":\"ListItem\",\"position\":2,\"name\":\"Zahlung per Bank\u00fcberweisung\"}]},{\"@type\":\"WebSite\",\"@id\":\"https:\/\/centaurospa.it\/de\/#website\",\"url\":\"https:\/\/centaurospa.it\/de\/\",\"name\":\"Seghe per legno e altri materiali\",\"description\":\"Seghe per legno e altri materiali\",\"publisher\":{\"@id\":\"https:\/\/centaurospa.it\/de\/#organization\"},\"potentialAction\":[{\"@type\":\"SearchAction\",\"target\":{\"@type\":\"EntryPoint\",\"urlTemplate\":\"https:\/\/centaurospa.it\/de\/?s={search_term_string}\"},\"query-input\":{\"@type\":\"PropertyValueSpecification\",\"valueRequired\":true,\"valueName\":\"search_term_string\"}}],\"inLanguage\":\"de\"},{\"@type\":\"Organization\",\"@id\":\"https:\/\/centaurospa.it\/de\/#organization\",\"name\":\"Centuaro\",\"url\":\"https:\/\/centaurospa.it\/de\/\",\"logo\":{\"@type\":\"ImageObject\",\"inLanguage\":\"de\",\"@id\":\"https:\/\/centaurospa.it\/de\/#\/schema\/logo\/image\/\",\"url\":\"https:\/\/centaurospa.it\/2025edition\/wp-content\/uploads\/2025\/03\/logo-centauro_0311-1.jpg\",\"contentUrl\":\"https:\/\/centaurospa.it\/2025edition\/wp-content\/uploads\/2025\/03\/logo-centauro_0311-1.jpg\",\"width\":242,\"height\":242,\"caption\":\"Centuaro\"},\"image\":{\"@id\":\"https:\/\/centaurospa.it\/de\/#\/schema\/logo\/image\/\"},\"sameAs\":[\"https:\/\/www.facebook.com\/p\/Centauro-SPA-100063529692066\/\",\"https:\/\/www.instagram.com\/centauro_woodworking_\/?locale=Onlineentertainmentrealpersonelectronicchessandcardslotterysportscomprehensivereputation(TelegramUUjd888888).abuk&hl=af\",\"https:\/\/www.linkedin.com\/company\/centauro-spa\/?originalSubdomain=it\"]}]}<\/script>\n<!-- \/ Yoast SEO plugin. -->","yoast_head_json":{"title":"Zahlung per Bank\u00fcberweisung - Centauro","robots":{"index":"index","follow":"follow","max-snippet":"max-snippet:-1","max-image-preview":"max-image-preview:large","max-video-preview":"max-video-preview:-1"},"canonical":"https:\/\/centaurospa.it\/de\/zahlung-per-bankueberweisung\/","og_locale":"de_DE","og_type":"article","og_title":"Zahlung per Bank\u00fcberweisung - Centauro","og_description":"Zahlung per Bank\u00fcberweisung Unsere Bankverbindung. BPER BANCA S.P.A.Via Carpi-Ravarino Nr. 39041010 Limidi (Mo) ItalienSWIFT-Code: BPMOIT22XXXKontonummer: 491IBAN-Code: IT10B0538767050000000000491 Alle Bankgeb\u00fchren gehen zu Lasten des Absenders. Bei internationalen \u00dcberweisungen mit dem SWIFT MT103-System ist in Feld 71A \u201eGeb\u00fchrendetails\u201c der OUR-Code anzugeben.BEN- und SHA-Codes werden nicht akzeptiert.F\u00fcr jede Zahlung, die nach Abzug der Bankgeb\u00fchren gutgeschrieben wird, fordert Centauro [&hellip;]","og_url":"https:\/\/centaurospa.it\/de\/zahlung-per-bankueberweisung\/","og_site_name":"Centauro","article_publisher":"https:\/\/www.facebook.com\/p\/Centauro-SPA-100063529692066\/","article_modified_time":"2025-06-16T15:50:16+00:00","twitter_card":"summary_large_image","schema":{"@context":"https:\/\/schema.org","@graph":[{"@type":"WebPage","@id":"https:\/\/centaurospa.it\/de\/zahlung-per-bankueberweisung\/","url":"https:\/\/centaurospa.it\/de\/zahlung-per-bankueberweisung\/","name":"Zahlung per Bank\u00fcberweisung - Centauro","isPartOf":{"@id":"https:\/\/centaurospa.it\/de\/#website"},"datePublished":"2025-06-16T15:06:47+00:00","dateModified":"2025-06-16T15:50:16+00:00","breadcrumb":{"@id":"https:\/\/centaurospa.it\/de\/zahlung-per-bankueberweisung\/#breadcrumb"},"inLanguage":"de","potentialAction":[{"@type":"ReadAction","target":["https:\/\/centaurospa.it\/de\/zahlung-per-bankueberweisung\/"]}]},{"@type":"BreadcrumbList","@id":"https:\/\/centaurospa.it\/de\/zahlung-per-bankueberweisung\/#breadcrumb","itemListElement":[{"@type":"ListItem","position":1,"name":"Home","item":"https:\/\/centaurospa.it\/de\/startseite\/"},{"@type":"ListItem","position":2,"name":"Zahlung per Bank\u00fcberweisung"}]},{"@type":"WebSite","@id":"https:\/\/centaurospa.it\/de\/#website","url":"https:\/\/centaurospa.it\/de\/","name":"Seghe per legno e altri materiali","description":"Seghe per legno e altri materiali","publisher":{"@id":"https:\/\/centaurospa.it\/de\/#organization"},"potentialAction":[{"@type":"SearchAction","target":{"@type":"EntryPoint","urlTemplate":"https:\/\/centaurospa.it\/de\/?s={search_term_string}"},"query-input":{"@type":"PropertyValueSpecification","valueRequired":true,"valueName":"search_term_string"}}],"inLanguage":"de"},{"@type":"Organization","@id":"https:\/\/centaurospa.it\/de\/#organization","name":"Centuaro","url":"https:\/\/centaurospa.it\/de\/","logo":{"@type":"ImageObject","inLanguage":"de","@id":"https:\/\/centaurospa.it\/de\/#\/schema\/logo\/image\/","url":"https:\/\/centaurospa.it\/2025edition\/wp-content\/uploads\/2025\/03\/logo-centauro_0311-1.jpg","contentUrl":"https:\/\/centaurospa.it\/2025edition\/wp-content\/uploads\/2025\/03\/logo-centauro_0311-1.jpg","width":242,"height":242,"caption":"Centuaro"},"image":{"@id":"https:\/\/centaurospa.it\/de\/#\/schema\/logo\/image\/"},"sameAs":["https:\/\/www.facebook.com\/p\/Centauro-SPA-100063529692066\/","https:\/\/www.instagram.com\/centauro_woodworking_\/?locale=Onlineentertainmentrealpersonelectronicchessandcardslotterysportscomprehensivereputation(TelegramUUjd888888).abuk&hl=af","https:\/\/www.linkedin.com\/company\/centauro-spa\/?originalSubdomain=it"]}]}},"_links":{"self":[{"href":"https:\/\/centaurospa.it\/de\/wp-json\/wp\/v2\/pages\/4234","targetHints":{"allow":["GET"]}}],"collection":[{"href":"https:\/\/centaurospa.it\/de\/wp-json\/wp\/v2\/pages"}],"about":[{"href":"https:\/\/centaurospa.it\/de\/wp-json\/wp\/v2\/types\/page"}],"author":[{"embeddable":true,"href":"https:\/\/centaurospa.it\/de\/wp-json\/wp\/v2\/users\/2"}],"replies":[{"embeddable":true,"href":"https:\/\/centaurospa.it\/de\/wp-json\/wp\/v2\/comments?post=4234"}],"version-history":[{"count":1,"href":"https:\/\/centaurospa.it\/de\/wp-json\/wp\/v2\/pages\/4234\/revisions"}],"predecessor-version":[{"id":4235,"href":"https:\/\/centaurospa.it\/de\/wp-json\/wp\/v2\/pages\/4234\/revisions\/4235"}],"wp:attachment":[{"href":"https:\/\/centaurospa.it\/de\/wp-json\/wp\/v2\/media?parent=4234"}],"curies":[{"name":"wp","href":"https:\/\/api.w.org\/{rel}","templated":true}]}}