{"id":4750,"date":"2025-07-03T12:04:44","date_gmt":"2025-07-03T10:04:44","guid":{"rendered":"https:\/\/centaurospa.it\/giesserei\/"},"modified":"2025-07-09T12:17:25","modified_gmt":"2025-07-09T10:17:25","slug":"giesserei","status":"publish","type":"page","link":"https:\/\/centaurospa.it\/de\/giesserei\/","title":{"rendered":"Gie\u00dferei"},"content":{"rendered":"\t\t<div data-elementor-type=\"wp-page\" data-elementor-id=\"4750\" class=\"elementor elementor-4750 elementor-4380\" data-elementor-post-type=\"page\">\n\t\t\t\t\t\t<section class=\"elementor-section elementor-top-section elementor-element elementor-element-902a4d5 elementor-section-boxed elementor-section-height-default elementor-section-height-default\" data-id=\"902a4d5\" data-element_type=\"section\">\n\t\t\t\t\t\t<div class=\"elementor-container elementor-column-gap-default\">\n\t\t\t\t\t<div class=\"elementor-column elementor-col-100 elementor-top-column elementor-element elementor-element-878b398\" data-id=\"878b398\" data-element_type=\"column\">\n\t\t\t<div class=\"elementor-widget-wrap elementor-element-populated\">\n\t\t\t\t\t\t<div class=\"elementor-element elementor-element-cf54ffb elementor-widget elementor-widget-heading\" data-id=\"cf54ffb\" data-element_type=\"widget\" data-widget_type=\"heading.default\">\n\t\t\t\t<div class=\"elementor-widget-container\">\n\t\t\t\t\t<h2 class=\"elementor-heading-title elementor-size-default\">Centaur: ein weltber\u00fchmter Name<\/h2>\t\t\t\t<\/div>\n\t\t\t\t<\/div>\n\t\t\t\t\t<\/div>\n\t\t<\/div>\n\t\t\t\t\t<\/div>\n\t\t<\/section>\n\t\t\t\t<section class=\"elementor-section elementor-top-section elementor-element elementor-element-0cc06a9 elementor-section-boxed elementor-section-height-default elementor-section-height-default\" data-id=\"0cc06a9\" data-element_type=\"section\">\n\t\t\t\t\t\t<div class=\"elementor-container elementor-column-gap-default\">\n\t\t\t\t\t<div class=\"elementor-column elementor-col-100 elementor-top-column elementor-element elementor-element-a8fcc25\" data-id=\"a8fcc25\" data-element_type=\"column\">\n\t\t\t<div class=\"elementor-widget-wrap elementor-element-populated\">\n\t\t\t\t\t\t<div class=\"elementor-element elementor-element-9c1e007 elementor-widget-divider--view-line elementor-widget elementor-widget-divider\" data-id=\"9c1e007\" data-element_type=\"widget\" data-widget_type=\"divider.default\">\n\t\t\t\t<div class=\"elementor-widget-container\">\n\t\t\t\t\t\t\t<div class=\"elementor-divider\">\n\t\t\t<span class=\"elementor-divider-separator\">\n\t\t\t\t\t\t<\/span>\n\t\t<\/div>\n\t\t\t\t\t\t<\/div>\n\t\t\t\t<\/div>\n\t\t\t\t\t<\/div>\n\t\t<\/div>\n\t\t\t\t\t<\/div>\n\t\t<\/section>\n\t\t\t\t<section class=\"elementor-section elementor-top-section elementor-element elementor-element-1bb9dd2 elementor-section-boxed elementor-section-height-default elementor-section-height-default\" data-id=\"1bb9dd2\" data-element_type=\"section\">\n\t\t\t\t\t\t<div class=\"elementor-container elementor-column-gap-default\">\n\t\t\t\t\t<div class=\"elementor-column elementor-col-100 elementor-top-column elementor-element elementor-element-8db67b0\" data-id=\"8db67b0\" data-element_type=\"column\">\n\t\t\t<div class=\"elementor-widget-wrap elementor-element-populated\">\n\t\t\t\t\t\t<section class=\"elementor-section elementor-inner-section elementor-element elementor-element-0f8b1b3 elementor-section-boxed elementor-section-height-default elementor-section-height-default\" data-id=\"0f8b1b3\" data-element_type=\"section\">\n\t\t\t\t\t\t<div class=\"elementor-container elementor-column-gap-default\">\n\t\t\t\t\t<div class=\"elementor-column elementor-col-50 elementor-inner-column elementor-element elementor-element-2e8a455\" data-id=\"2e8a455\" data-element_type=\"column\">\n\t\t\t<div class=\"elementor-widget-wrap elementor-element-populated\">\n\t\t\t\t\t\t<div class=\"elementor-element elementor-element-0aeaec5 elementor-widget elementor-widget-image\" data-id=\"0aeaec5\" data-element_type=\"widget\" data-widget_type=\"image.default\">\n\t\t\t\t<div class=\"elementor-widget-container\">\n\t\t\t\t\t\t\t\t\t\t\t\t\t\t\t<img fetchpriority=\"high\" decoding=\"async\" width=\"400\" height=\"292\" src=\"https:\/\/centaurospa.it\/2025edition\/wp-content\/uploads\/2025\/07\/centauro-storia.jpg\" class=\"attachment-large size-large wp-image-4386\" alt=\"\" srcset=\"https:\/\/centaurospa.it\/2025edition\/wp-content\/uploads\/2025\/07\/centauro-storia.jpg 400w, https:\/\/centaurospa.it\/2025edition\/wp-content\/uploads\/2025\/07\/centauro-storia-300x219.jpg 300w\" sizes=\"(max-width: 400px) 100vw, 400px\" \/>\t\t\t\t\t\t\t\t\t\t\t\t\t\t\t<\/div>\n\t\t\t\t<\/div>\n\t\t\t\t\t<\/div>\n\t\t<\/div>\n\t\t\t\t<div class=\"elementor-column elementor-col-50 elementor-inner-column elementor-element elementor-element-9748af6\" data-id=\"9748af6\" data-element_type=\"column\">\n\t\t\t<div class=\"elementor-widget-wrap elementor-element-populated\">\n\t\t\t\t\t\t<div class=\"elementor-element elementor-element-5547df9 elementor-widget elementor-widget-video\" data-id=\"5547df9\" data-element_type=\"widget\" data-settings=\"{&quot;youtube_url&quot;:&quot;https:\\\/\\\/www.youtube.com\\\/watch?v=5rOeFRasJ84&quot;,&quot;video_type&quot;:&quot;youtube&quot;,&quot;controls&quot;:&quot;yes&quot;}\" data-widget_type=\"video.default\">\n\t\t\t\t<div class=\"elementor-widget-container\">\n\t\t\t\t\t\t\t<div class=\"elementor-wrapper elementor-open-inline\">\n\t\t\t<div class=\"elementor-video\"><\/div>\t\t<\/div>\n\t\t\t\t\t\t<\/div>\n\t\t\t\t<\/div>\n\t\t\t\t\t<\/div>\n\t\t<\/div>\n\t\t\t\t\t<\/div>\n\t\t<\/section>\n\t\t\t\t<div class=\"elementor-element elementor-element-66a8954 elementor-widget elementor-widget-image-box\" data-id=\"66a8954\" data-element_type=\"widget\" data-widget_type=\"image-box.default\">\n\t\t\t\t<div class=\"elementor-widget-container\">\n\t\t\t\t\t<div class=\"elementor-image-box-wrapper\"><div class=\"elementor-image-box-content\"><p class=\"elementor-image-box-description\">Centauro, ein familiengef\u00fchrtes Unternehmen, wurde 1946 auf der Grundlage fr\u00fcherer industrieller Erfahrungen der Familie gegr\u00fcndet, die in den 1930er Jahren begannen.\nCentauro wird zu einem weltbekannten Namen f\u00fcr die Herstellung von Bands\u00e4gen.\nIn den 70er Jahren wurde die Produktpalette um manuelle und hydraulische Drehmaschinenmodelle und sp\u00e4ter um CNC-Drehmaschinen erweitert.\nIn den 80er Jahren beschloss Centauro im Gegensatz zu anderen Herstellern, eine eigene Gie\u00dferei zu unterhalten und auszubauen, um den Produktionsprozess intern zu verwalten.\nIn den gleichen Jahren wurde die Produktpalette um Fr\u00e4smaschinen, Langlochbohrmaschinen und Stemmmaschinen erweitert.\nCentauro ist weltweit mit 500 Einzelh\u00e4ndlern vertreten, mit denen es profitable Kooperationsbeziehungen aufgebaut hat.\nDie Gie\u00dferei investierte kontinuierlich und produziert heute \u00fcber 90 % f\u00fcr Drittkunden.<\/p><\/div><\/div>\t\t\t\t<\/div>\n\t\t\t\t<\/div>\n\t\t\t\t\t<\/div>\n\t\t<\/div>\n\t\t\t\t\t<\/div>\n\t\t<\/section>\n\t\t\t\t<section class=\"elementor-section elementor-top-section elementor-element elementor-element-962d2d3 elementor-section-boxed elementor-section-height-default elementor-section-height-default\" data-id=\"962d2d3\" data-element_type=\"section\">\n\t\t\t\t\t\t<div class=\"elementor-container elementor-column-gap-default\">\n\t\t\t\t\t<div class=\"elementor-column elementor-col-100 elementor-top-column elementor-element elementor-element-490691e\" data-id=\"490691e\" data-element_type=\"column\">\n\t\t\t<div class=\"elementor-widget-wrap elementor-element-populated\">\n\t\t\t\t\t\t<section class=\"elementor-section elementor-inner-section elementor-element elementor-element-88f0aaa elementor-section-full_width elementor-section-height-default elementor-section-height-default\" data-id=\"88f0aaa\" data-element_type=\"section\">\n\t\t\t\t\t\t<div class=\"elementor-container elementor-column-gap-default\">\n\t\t\t\t\t<div class=\"elementor-column elementor-col-50 elementor-inner-column elementor-element elementor-element-f4fbc26\" data-id=\"f4fbc26\" data-element_type=\"column\">\n\t\t\t<div class=\"elementor-widget-wrap elementor-element-populated\">\n\t\t\t\t\t\t<div class=\"elementor-element elementor-element-823e31f elementor-widget elementor-widget-heading\" data-id=\"823e31f\" data-element_type=\"widget\" data-widget_type=\"heading.default\">\n\t\t\t\t<div class=\"elementor-widget-container\">\n\t\t\t\t\t<h2 class=\"elementor-heading-title elementor-size-default\"><b>Gie\u00dfereiabteilung<\/b><\/h2>\t\t\t\t<\/div>\n\t\t\t\t<\/div>\n\t\t\t\t<div class=\"elementor-element elementor-element-f9d9051 elementor-widget elementor-widget-text-editor\" data-id=\"f9d9051\" data-element_type=\"widget\" data-widget_type=\"text-editor.default\">\n\t\t\t\t<div class=\"elementor-widget-container\">\n\t\t\t\t\t\t\t\t\t<p>Der Bereich Holzbearbeitungsmaschinen wird durch die Gie\u00dfereiabteilung erg\u00e4nzt, die \u00fcber eine j\u00e4hrliche Produktionskapazit\u00e4t von 2.800 Tonnen Eisengussteilen verf\u00fcgt, die nicht nur den Bedarf des Unternehmens vollst\u00e4ndig decken, sondern zu 80 % an Drittkunden bestimmt sind.<\/p>\t\t\t\t\t\t\t\t<\/div>\n\t\t\t\t<\/div>\n\t\t\t\t<div class=\"elementor-element elementor-element-2c5c88a elementor-widget elementor-widget-text-editor\" data-id=\"2c5c88a\" data-element_type=\"widget\" data-widget_type=\"text-editor.default\">\n\t\t\t\t<div class=\"elementor-widget-container\">\n\t\t\t\t\t\t\t\t\t<p><strong>Die Gie\u00dfereiabteilung ist auf die Herstellung von Grauguss- und Sph\u00e4rogussteilen in kleinen, mittleren und gro\u00dfen Serien mit einem St\u00fcckgewicht von einigen Dutzend Gramm bis zu 7\u20138 Tonnen spezialisiert.<\/strong><\/p><p>Wir arbeiten mit Unternehmen aus den unterschiedlichsten Branchen zusammen, darunter Hersteller von Pumpen, Ventilen, Kompressoren, Untersetzungsgetrieben, Motoren, Stellantrieben, Werkzeugmaschinen, Holzbearbeitungsmaschinen, Metallbearbeitungsmaschinen, Textilmaschinen, Landmaschinen, Automaten, Maschinen und Systemen im Allgemeinen, Prototypen und Sonderteilen. <\/p>\t\t\t\t\t\t\t\t<\/div>\n\t\t\t\t<\/div>\n\t\t\t\t<div class=\"elementor-element elementor-element-d31de40 elementor-align-left elementor-widget__width-auto elementor-widget elementor-widget-button\" data-id=\"d31de40\" data-element_type=\"widget\" data-widget_type=\"button.default\">\n\t\t\t\t<div class=\"elementor-widget-container\">\n\t\t\t\t\t\t\t\t\t<div class=\"elementor-button-wrapper\">\n\t\t\t\t\t<a class=\"elementor-button elementor-button-link elementor-size-sm elementor-animation-shrink\" href=\"https:\/\/www.centaurospa.it\/new\/prodotti-fonderia\/?_gl=1*kzvkqq*_up*MQ..*_ga*Mzc3OTExMjY5LjE3NTE1MzgwNDE.*_ga_WZXPDNFK6T*czE3NTE1MzgwMzgkbzEkZzEkdDE3NTE1MzgwMzgkajYwJGwwJGg0ODQ3MjQwMjY.\">\n\t\t\t\t\t\t<span class=\"elementor-button-content-wrapper\">\n\t\t\t\t\t\t\t\t\t<span class=\"elementor-button-text\">Alle Gie\u00dfereiprodukte anzeigen<\/span>\n\t\t\t\t\t<\/span>\n\t\t\t\t\t<\/a>\n\t\t\t\t<\/div>\n\t\t\t\t\t\t\t\t<\/div>\n\t\t\t\t<\/div>\n\t\t\t\t<div class=\"elementor-element elementor-element-9f0c60c elementor-align-left elementor-widget__width-auto elementor-widget elementor-widget-button\" data-id=\"9f0c60c\" data-element_type=\"widget\" data-widget_type=\"button.default\">\n\t\t\t\t<div class=\"elementor-widget-container\">\n\t\t\t\t\t\t\t\t\t<div class=\"elementor-button-wrapper\">\n\t\t\t\t\t<a class=\"elementor-button elementor-button-link elementor-size-sm elementor-animation-shrink\" href=\"https:\/\/centaurospa.it\/de\/produktionslinien\/\">\n\t\t\t\t\t\t<span class=\"elementor-button-content-wrapper\">\n\t\t\t\t\t\t\t\t\t<span class=\"elementor-button-text\">Entdecken Sie die Produktionslinien<\/span>\n\t\t\t\t\t<\/span>\n\t\t\t\t\t<\/a>\n\t\t\t\t<\/div>\n\t\t\t\t\t\t\t\t<\/div>\n\t\t\t\t<\/div>\n\t\t\t\t\t<\/div>\n\t\t<\/div>\n\t\t\t\t<div class=\"elementor-column elementor-col-50 elementor-inner-column elementor-element elementor-element-27d1e6d elementor-hidden-tablet elementor-hidden-mobile\" data-id=\"27d1e6d\" data-element_type=\"column\">\n\t\t\t<div class=\"elementor-widget-wrap elementor-element-populated\">\n\t\t\t\t\t\t<div class=\"elementor-element elementor-element-0c140d6 elementor-widget elementor-widget-image\" data-id=\"0c140d6\" data-element_type=\"widget\" data-widget_type=\"image.default\">\n\t\t\t\t<div class=\"elementor-widget-container\">\n\t\t\t\t\t\t\t\t\t\t\t\t\t\t\t<img decoding=\"async\" width=\"300\" height=\"109\" src=\"https:\/\/centaurospa.it\/2025edition\/wp-content\/uploads\/2025\/07\/fonderia-centauro.jpg\" class=\"attachment-full size-full wp-image-4396\" alt=\"\" \/>\t\t\t\t\t\t\t\t\t\t\t\t\t\t\t<\/div>\n\t\t\t\t<\/div>\n\t\t\t\t<div class=\"elementor-element elementor-element-b9dd7b2 elementor-widget elementor-widget-image\" data-id=\"b9dd7b2\" data-element_type=\"widget\" data-widget_type=\"image.default\">\n\t\t\t\t<div class=\"elementor-widget-container\">\n\t\t\t\t\t\t\t\t\t\t\t\t\t\t\t<img decoding=\"async\" width=\"150\" height=\"150\" src=\"https:\/\/centaurospa.it\/2025edition\/wp-content\/uploads\/2025\/07\/reparto-fusorio-1-150x150-1.jpg\" class=\"attachment-full size-full wp-image-4401\" alt=\"\" \/>\t\t\t\t\t\t\t\t\t\t\t\t\t\t\t<\/div>\n\t\t\t\t<\/div>\n\t\t\t\t<div class=\"elementor-element elementor-element-9d78b05 elementor-widget elementor-widget-image\" data-id=\"9d78b05\" data-element_type=\"widget\" data-widget_type=\"image.default\">\n\t\t\t\t<div class=\"elementor-widget-container\">\n\t\t\t\t\t\t\t\t\t\t\t\t\t\t\t<img loading=\"lazy\" decoding=\"async\" width=\"400\" height=\"292\" src=\"https:\/\/centaurospa.it\/2025edition\/wp-content\/uploads\/2025\/07\/centauro-storia.jpg\" class=\"attachment-full size-full wp-image-4386\" alt=\"\" srcset=\"https:\/\/centaurospa.it\/2025edition\/wp-content\/uploads\/2025\/07\/centauro-storia.jpg 400w, https:\/\/centaurospa.it\/2025edition\/wp-content\/uploads\/2025\/07\/centauro-storia-300x219.jpg 300w\" sizes=\"(max-width: 400px) 100vw, 400px\" \/>\t\t\t\t\t\t\t\t\t\t\t\t\t\t\t<\/div>\n\t\t\t\t<\/div>\n\t\t\t\t\t<\/div>\n\t\t<\/div>\n\t\t\t\t\t<\/div>\n\t\t<\/section>\n\t\t\t\t\t<\/div>\n\t\t<\/div>\n\t\t\t\t\t<\/div>\n\t\t<\/section>\n\t\t\t\t<section class=\"elementor-section elementor-top-section elementor-element elementor-element-8b4972f elementor-section-boxed elementor-section-height-default elementor-section-height-default\" data-id=\"8b4972f\" data-element_type=\"section\">\n\t\t\t\t\t\t<div class=\"elementor-container elementor-column-gap-default\">\n\t\t\t\t\t<div class=\"elementor-column elementor-col-100 elementor-top-column elementor-element elementor-element-0c616cc\" data-id=\"0c616cc\" data-element_type=\"column\">\n\t\t\t<div class=\"elementor-widget-wrap elementor-element-populated\">\n\t\t\t\t\t\t<section class=\"elementor-section elementor-inner-section elementor-element elementor-element-6424162 elementor-section-full_width elementor-section-height-default elementor-section-height-default\" data-id=\"6424162\" data-element_type=\"section\">\n\t\t\t\t\t\t<div class=\"elementor-container elementor-column-gap-default\">\n\t\t\t\t\t<div class=\"elementor-column elementor-col-100 elementor-inner-column elementor-element elementor-element-113f982\" data-id=\"113f982\" data-element_type=\"column\">\n\t\t\t<div class=\"elementor-widget-wrap elementor-element-populated\">\n\t\t\t\t\t\t<div class=\"elementor-element elementor-element-41edd66 elementor-widget elementor-widget-video\" data-id=\"41edd66\" data-element_type=\"widget\" data-settings=\"{&quot;youtube_url&quot;:&quot;https:\\\/\\\/youtu.be\\\/5rOeFRasJ84&quot;,&quot;yt_privacy&quot;:&quot;yes&quot;,&quot;video_type&quot;:&quot;youtube&quot;,&quot;controls&quot;:&quot;yes&quot;}\" data-widget_type=\"video.default\">\n\t\t\t\t<div class=\"elementor-widget-container\">\n\t\t\t\t\t\t\t<div class=\"elementor-wrapper elementor-open-inline\">\n\t\t\t<div class=\"elementor-video\"><\/div>\t\t<\/div>\n\t\t\t\t\t\t<\/div>\n\t\t\t\t<\/div>\n\t\t\t\t\t<\/div>\n\t\t<\/div>\n\t\t\t\t\t<\/div>\n\t\t<\/section>\n\t\t\t\t\t<\/div>\n\t\t<\/div>\n\t\t\t\t\t<\/div>\n\t\t<\/section>\n\t\t\t\t<\/div>\n\t\t","protected":false},"excerpt":{"rendered":"<p>Centaur: ein weltber\u00fchmter Name Centauro, ein familiengef\u00fchrtes Unternehmen, wurde 1946 auf der Grundlage fr\u00fcherer industrieller Erfahrungen der Familie gegr\u00fcndet, die in den 1930er Jahren begannen. Centauro wird zu einem weltbekannten Namen f\u00fcr die Herstellung von Bands\u00e4gen. In den 70er Jahren wurde die Produktpalette um manuelle und hydraulische Drehmaschinenmodelle und sp\u00e4ter um CNC-Drehmaschinen erweitert. In den [&hellip;]<\/p>\n","protected":false},"author":2,"featured_media":0,"parent":0,"menu_order":0,"comment_status":"closed","ping_status":"closed","template":"elementor_header_footer","meta":{"footnotes":""},"class_list":["post-4750","page","type-page","status-publish","hentry"],"yoast_head":"<!-- This site is optimized with the Yoast SEO plugin v26.8 - https:\/\/yoast.com\/product\/yoast-seo-wordpress\/ -->\n<title>Gie\u00dferei - Centauro<\/title>\n<meta name=\"robots\" content=\"index, follow, max-snippet:-1, max-image-preview:large, max-video-preview:-1\" \/>\n<link rel=\"canonical\" href=\"https:\/\/centaurospa.it\/de\/giesserei\/\" \/>\n<meta property=\"og:locale\" content=\"de_DE\" \/>\n<meta property=\"og:type\" content=\"article\" \/>\n<meta property=\"og:title\" content=\"Gie\u00dferei - Centauro\" \/>\n<meta property=\"og:description\" content=\"Centaur: ein weltber\u00fchmter Name Centauro, ein familiengef\u00fchrtes Unternehmen, wurde 1946 auf der Grundlage fr\u00fcherer industrieller Erfahrungen der Familie gegr\u00fcndet, die in den 1930er Jahren begannen. Centauro wird zu einem weltbekannten Namen f\u00fcr die Herstellung von Bands\u00e4gen. In den 70er Jahren wurde die Produktpalette um manuelle und hydraulische Drehmaschinenmodelle und sp\u00e4ter um CNC-Drehmaschinen erweitert. In den [&hellip;]\" \/>\n<meta property=\"og:url\" content=\"https:\/\/centaurospa.it\/de\/giesserei\/\" \/>\n<meta property=\"og:site_name\" content=\"Centauro\" \/>\n<meta property=\"article:publisher\" content=\"https:\/\/www.facebook.com\/p\/Centauro-SPA-100063529692066\/\" \/>\n<meta property=\"article:modified_time\" content=\"2025-07-09T10:17:25+00:00\" \/>\n<meta property=\"og:image\" content=\"https:\/\/centaurospa.it\/2025edition\/wp-content\/uploads\/2025\/07\/centauro-storia.jpg\" \/>\n\t<meta property=\"og:image:width\" content=\"400\" \/>\n\t<meta property=\"og:image:height\" content=\"292\" \/>\n\t<meta property=\"og:image:type\" content=\"image\/jpeg\" \/>\n<meta name=\"twitter:card\" content=\"summary_large_image\" \/>\n<meta name=\"twitter:label1\" content=\"Gesch\u00e4tzte Lesezeit\" \/>\n\t<meta name=\"twitter:data1\" content=\"1\u00a0Minute\" \/>\n<script type=\"application\/ld+json\" class=\"yoast-schema-graph\">{\"@context\":\"https:\/\/schema.org\",\"@graph\":[{\"@type\":\"WebPage\",\"@id\":\"https:\/\/centaurospa.it\/de\/giesserei\/\",\"url\":\"https:\/\/centaurospa.it\/de\/giesserei\/\",\"name\":\"Gie\u00dferei - Centauro\",\"isPartOf\":{\"@id\":\"https:\/\/centaurospa.it\/de\/#website\"},\"primaryImageOfPage\":{\"@id\":\"https:\/\/centaurospa.it\/de\/giesserei\/#primaryimage\"},\"image\":{\"@id\":\"https:\/\/centaurospa.it\/de\/giesserei\/#primaryimage\"},\"thumbnailUrl\":\"https:\/\/centaurospa.it\/2025edition\/wp-content\/uploads\/2025\/07\/centauro-storia.jpg\",\"datePublished\":\"2025-07-03T10:04:44+00:00\",\"dateModified\":\"2025-07-09T10:17:25+00:00\",\"breadcrumb\":{\"@id\":\"https:\/\/centaurospa.it\/de\/giesserei\/#breadcrumb\"},\"inLanguage\":\"de\",\"potentialAction\":[{\"@type\":\"ReadAction\",\"target\":[\"https:\/\/centaurospa.it\/de\/giesserei\/\"]}]},{\"@type\":\"ImageObject\",\"inLanguage\":\"de\",\"@id\":\"https:\/\/centaurospa.it\/de\/giesserei\/#primaryimage\",\"url\":\"https:\/\/centaurospa.it\/2025edition\/wp-content\/uploads\/2025\/07\/centauro-storia.jpg\",\"contentUrl\":\"https:\/\/centaurospa.it\/2025edition\/wp-content\/uploads\/2025\/07\/centauro-storia.jpg\"},{\"@type\":\"BreadcrumbList\",\"@id\":\"https:\/\/centaurospa.it\/de\/giesserei\/#breadcrumb\",\"itemListElement\":[{\"@type\":\"ListItem\",\"position\":1,\"name\":\"Home\",\"item\":\"https:\/\/centaurospa.it\/de\/startseite\/\"},{\"@type\":\"ListItem\",\"position\":2,\"name\":\"Gie\u00dferei\"}]},{\"@type\":\"WebSite\",\"@id\":\"https:\/\/centaurospa.it\/de\/#website\",\"url\":\"https:\/\/centaurospa.it\/de\/\",\"name\":\"Seghe per legno e altri materiali\",\"description\":\"Seghe per legno e altri materiali\",\"publisher\":{\"@id\":\"https:\/\/centaurospa.it\/de\/#organization\"},\"potentialAction\":[{\"@type\":\"SearchAction\",\"target\":{\"@type\":\"EntryPoint\",\"urlTemplate\":\"https:\/\/centaurospa.it\/de\/?s={search_term_string}\"},\"query-input\":{\"@type\":\"PropertyValueSpecification\",\"valueRequired\":true,\"valueName\":\"search_term_string\"}}],\"inLanguage\":\"de\"},{\"@type\":\"Organization\",\"@id\":\"https:\/\/centaurospa.it\/de\/#organization\",\"name\":\"Centuaro\",\"url\":\"https:\/\/centaurospa.it\/de\/\",\"logo\":{\"@type\":\"ImageObject\",\"inLanguage\":\"de\",\"@id\":\"https:\/\/centaurospa.it\/de\/#\/schema\/logo\/image\/\",\"url\":\"https:\/\/centaurospa.it\/2025edition\/wp-content\/uploads\/2025\/03\/logo-centauro_0311-1.jpg\",\"contentUrl\":\"https:\/\/centaurospa.it\/2025edition\/wp-content\/uploads\/2025\/03\/logo-centauro_0311-1.jpg\",\"width\":242,\"height\":242,\"caption\":\"Centuaro\"},\"image\":{\"@id\":\"https:\/\/centaurospa.it\/de\/#\/schema\/logo\/image\/\"},\"sameAs\":[\"https:\/\/www.facebook.com\/p\/Centauro-SPA-100063529692066\/\",\"https:\/\/www.instagram.com\/centauro_woodworking_\/?locale=Onlineentertainmentrealpersonelectronicchessandcardslotterysportscomprehensivereputation(TelegramUUjd888888).abuk&hl=af\",\"https:\/\/www.linkedin.com\/company\/centauro-spa\/?originalSubdomain=it\"]}]}<\/script>\n<!-- \/ Yoast SEO plugin. -->","yoast_head_json":{"title":"Gie\u00dferei - Centauro","robots":{"index":"index","follow":"follow","max-snippet":"max-snippet:-1","max-image-preview":"max-image-preview:large","max-video-preview":"max-video-preview:-1"},"canonical":"https:\/\/centaurospa.it\/de\/giesserei\/","og_locale":"de_DE","og_type":"article","og_title":"Gie\u00dferei - Centauro","og_description":"Centaur: ein weltber\u00fchmter Name Centauro, ein familiengef\u00fchrtes Unternehmen, wurde 1946 auf der Grundlage fr\u00fcherer industrieller Erfahrungen der Familie gegr\u00fcndet, die in den 1930er Jahren begannen. Centauro wird zu einem weltbekannten Namen f\u00fcr die Herstellung von Bands\u00e4gen. In den 70er Jahren wurde die Produktpalette um manuelle und hydraulische Drehmaschinenmodelle und sp\u00e4ter um CNC-Drehmaschinen erweitert. In den [&hellip;]","og_url":"https:\/\/centaurospa.it\/de\/giesserei\/","og_site_name":"Centauro","article_publisher":"https:\/\/www.facebook.com\/p\/Centauro-SPA-100063529692066\/","article_modified_time":"2025-07-09T10:17:25+00:00","og_image":[{"width":400,"height":292,"url":"https:\/\/centaurospa.it\/2025edition\/wp-content\/uploads\/2025\/07\/centauro-storia.jpg","type":"image\/jpeg"}],"twitter_card":"summary_large_image","twitter_misc":{"Gesch\u00e4tzte Lesezeit":"1\u00a0Minute"},"schema":{"@context":"https:\/\/schema.org","@graph":[{"@type":"WebPage","@id":"https:\/\/centaurospa.it\/de\/giesserei\/","url":"https:\/\/centaurospa.it\/de\/giesserei\/","name":"Gie\u00dferei - Centauro","isPartOf":{"@id":"https:\/\/centaurospa.it\/de\/#website"},"primaryImageOfPage":{"@id":"https:\/\/centaurospa.it\/de\/giesserei\/#primaryimage"},"image":{"@id":"https:\/\/centaurospa.it\/de\/giesserei\/#primaryimage"},"thumbnailUrl":"https:\/\/centaurospa.it\/2025edition\/wp-content\/uploads\/2025\/07\/centauro-storia.jpg","datePublished":"2025-07-03T10:04:44+00:00","dateModified":"2025-07-09T10:17:25+00:00","breadcrumb":{"@id":"https:\/\/centaurospa.it\/de\/giesserei\/#breadcrumb"},"inLanguage":"de","potentialAction":[{"@type":"ReadAction","target":["https:\/\/centaurospa.it\/de\/giesserei\/"]}]},{"@type":"ImageObject","inLanguage":"de","@id":"https:\/\/centaurospa.it\/de\/giesserei\/#primaryimage","url":"https:\/\/centaurospa.it\/2025edition\/wp-content\/uploads\/2025\/07\/centauro-storia.jpg","contentUrl":"https:\/\/centaurospa.it\/2025edition\/wp-content\/uploads\/2025\/07\/centauro-storia.jpg"},{"@type":"BreadcrumbList","@id":"https:\/\/centaurospa.it\/de\/giesserei\/#breadcrumb","itemListElement":[{"@type":"ListItem","position":1,"name":"Home","item":"https:\/\/centaurospa.it\/de\/startseite\/"},{"@type":"ListItem","position":2,"name":"Gie\u00dferei"}]},{"@type":"WebSite","@id":"https:\/\/centaurospa.it\/de\/#website","url":"https:\/\/centaurospa.it\/de\/","name":"Seghe per legno e altri materiali","description":"Seghe per legno e altri materiali","publisher":{"@id":"https:\/\/centaurospa.it\/de\/#organization"},"potentialAction":[{"@type":"SearchAction","target":{"@type":"EntryPoint","urlTemplate":"https:\/\/centaurospa.it\/de\/?s={search_term_string}"},"query-input":{"@type":"PropertyValueSpecification","valueRequired":true,"valueName":"search_term_string"}}],"inLanguage":"de"},{"@type":"Organization","@id":"https:\/\/centaurospa.it\/de\/#organization","name":"Centuaro","url":"https:\/\/centaurospa.it\/de\/","logo":{"@type":"ImageObject","inLanguage":"de","@id":"https:\/\/centaurospa.it\/de\/#\/schema\/logo\/image\/","url":"https:\/\/centaurospa.it\/2025edition\/wp-content\/uploads\/2025\/03\/logo-centauro_0311-1.jpg","contentUrl":"https:\/\/centaurospa.it\/2025edition\/wp-content\/uploads\/2025\/03\/logo-centauro_0311-1.jpg","width":242,"height":242,"caption":"Centuaro"},"image":{"@id":"https:\/\/centaurospa.it\/de\/#\/schema\/logo\/image\/"},"sameAs":["https:\/\/www.facebook.com\/p\/Centauro-SPA-100063529692066\/","https:\/\/www.instagram.com\/centauro_woodworking_\/?locale=Onlineentertainmentrealpersonelectronicchessandcardslotterysportscomprehensivereputation(TelegramUUjd888888).abuk&hl=af","https:\/\/www.linkedin.com\/company\/centauro-spa\/?originalSubdomain=it"]}]}},"_links":{"self":[{"href":"https:\/\/centaurospa.it\/de\/wp-json\/wp\/v2\/pages\/4750","targetHints":{"allow":["GET"]}}],"collection":[{"href":"https:\/\/centaurospa.it\/de\/wp-json\/wp\/v2\/pages"}],"about":[{"href":"https:\/\/centaurospa.it\/de\/wp-json\/wp\/v2\/types\/page"}],"author":[{"embeddable":true,"href":"https:\/\/centaurospa.it\/de\/wp-json\/wp\/v2\/users\/2"}],"replies":[{"embeddable":true,"href":"https:\/\/centaurospa.it\/de\/wp-json\/wp\/v2\/comments?post=4750"}],"version-history":[{"count":2,"href":"https:\/\/centaurospa.it\/de\/wp-json\/wp\/v2\/pages\/4750\/revisions"}],"predecessor-version":[{"id":4767,"href":"https:\/\/centaurospa.it\/de\/wp-json\/wp\/v2\/pages\/4750\/revisions\/4767"}],"wp:attachment":[{"href":"https:\/\/centaurospa.it\/de\/wp-json\/wp\/v2\/media?parent=4750"}],"curies":[{"name":"wp","href":"https:\/\/api.w.org\/{rel}","templated":true}]}}