{"id":4236,"date":"2025-06-16T17:06:47","date_gmt":"2025-06-16T15:06:47","guid":{"rendered":"https:\/\/centaurospa.it\/2025edition\/pago-mediante-transferencia-bancaria\/"},"modified":"2025-06-16T17:51:18","modified_gmt":"2025-06-16T15:51:18","slug":"pago-mediante-transferencia-bancaria","status":"publish","type":"page","link":"https:\/\/centaurospa.it\/es\/pago-mediante-transferencia-bancaria\/","title":{"rendered":"Pago mediante transferencia bancaria"},"content":{"rendered":"\t\t<div data-elementor-type=\"wp-page\" data-elementor-id=\"4236\" class=\"elementor elementor-4236 elementor-4214\" data-elementor-post-type=\"page\">\n\t\t\t\t<div class=\"elementor-element elementor-element-fcd6501 e-flex e-con-boxed e-con e-parent\" data-id=\"fcd6501\" data-element_type=\"container\">\n\t\t\t\t\t<div class=\"e-con-inner\">\n\t\t\t\t<div class=\"elementor-element elementor-element-203eba9 elementor-widget elementor-widget-heading\" data-id=\"203eba9\" data-element_type=\"widget\" data-widget_type=\"heading.default\">\n\t\t\t\t<div class=\"elementor-widget-container\">\n\t\t\t\t\t<h2 class=\"elementor-heading-title elementor-size-default\">Pagar mediante transferencia bancaria<\/h2>\t\t\t\t<\/div>\n\t\t\t\t<\/div>\n\t\t\t\t<div class=\"elementor-element elementor-element-98743aa elementor-widget elementor-widget-text-editor\" data-id=\"98743aa\" data-element_type=\"widget\" data-widget_type=\"text-editor.default\">\n\t\t\t\t<div class=\"elementor-widget-container\">\n\t\t\t\t\t\t\t\t\t<p><strong>Nuestros datos bancarios.<\/strong><\/p><p> <\/p><p>BPER BANCA S.P.A.<br>Via Carpi-Ravarino n.\u00ba 390<br>41010 LIMIDI (MO) ITALIA<br>C\u00d3DIGO SWIFT: BPMOIT22XXX<br>CUENTA N.\u00ba 491<br>C\u00d3DIGO IBAN: IT10B0538767050000000000491  <\/p><p><br>Todos los cargos bancarios corren por cuenta del remitente. Para transferencias internacionales gestionadas con el sistema SWIFT MT103, en el campo 71A \u00abDetalles de cargos\u00bb es necesario indicar el c\u00f3digo OUR.<br>No se aceptan los c\u00f3digos BEN ni SHA.<br>Para cualquier pago abonado con deducci\u00f3n de cargos bancarios, Centauro solicitar\u00e1 una transferencia adicional por el saldo. <\/p>\t\t\t\t\t\t\t\t<\/div>\n\t\t\t\t<\/div>\n\t\t\t\t\t<\/div>\n\t\t\t\t<\/div>\n\t\t\t\t<\/div>\n\t\t","protected":false},"excerpt":{"rendered":"<p>Pagar mediante transferencia bancaria Nuestros datos bancarios. BPER BANCA S.P.A.Via Carpi-Ravarino n.\u00ba 39041010 LIMIDI (MO) ITALIAC\u00d3DIGO SWIFT: BPMOIT22XXXCUENTA N.\u00ba 491C\u00d3DIGO IBAN: IT10B0538767050000000000491 Todos los cargos bancarios corren por cuenta del remitente. Para transferencias internacionales gestionadas con el sistema SWIFT MT103, en el campo 71A \u00abDetalles de cargos\u00bb es necesario indicar el c\u00f3digo OUR.No se aceptan [&hellip;]<\/p>\n","protected":false},"author":2,"featured_media":0,"parent":0,"menu_order":0,"comment_status":"closed","ping_status":"closed","template":"elementor_header_footer","meta":{"footnotes":""},"class_list":["post-4236","page","type-page","status-publish","hentry"],"yoast_head":"<!-- This site is optimized with the Yoast SEO plugin v26.8 - https:\/\/yoast.com\/product\/yoast-seo-wordpress\/ -->\n<title>Pago mediante transferencia bancaria - Centauro<\/title>\n<meta name=\"robots\" content=\"index, follow, max-snippet:-1, max-image-preview:large, max-video-preview:-1\" \/>\n<link rel=\"canonical\" href=\"https:\/\/centaurospa.it\/es\/pago-mediante-transferencia-bancaria\/\" \/>\n<meta property=\"og:locale\" content=\"es_ES\" \/>\n<meta property=\"og:type\" content=\"article\" \/>\n<meta property=\"og:title\" content=\"Pago mediante transferencia bancaria - Centauro\" \/>\n<meta property=\"og:description\" content=\"Pagar mediante transferencia bancaria Nuestros datos bancarios. BPER BANCA S.P.A.Via Carpi-Ravarino n.\u00ba 39041010 LIMIDI (MO) ITALIAC\u00d3DIGO SWIFT: BPMOIT22XXXCUENTA N.\u00ba 491C\u00d3DIGO IBAN: IT10B0538767050000000000491 Todos los cargos bancarios corren por cuenta del remitente. Para transferencias internacionales gestionadas con el sistema SWIFT MT103, en el campo 71A \u00abDetalles de cargos\u00bb es necesario indicar el c\u00f3digo OUR.No se aceptan [&hellip;]\" \/>\n<meta property=\"og:url\" content=\"https:\/\/centaurospa.it\/es\/pago-mediante-transferencia-bancaria\/\" \/>\n<meta property=\"og:site_name\" content=\"Centauro\" \/>\n<meta property=\"article:publisher\" content=\"https:\/\/www.facebook.com\/p\/Centauro-SPA-100063529692066\/\" \/>\n<meta property=\"article:modified_time\" content=\"2025-06-16T15:51:18+00:00\" \/>\n<meta name=\"twitter:card\" content=\"summary_large_image\" \/>\n<script type=\"application\/ld+json\" class=\"yoast-schema-graph\">{\"@context\":\"https:\/\/schema.org\",\"@graph\":[{\"@type\":\"WebPage\",\"@id\":\"https:\/\/centaurospa.it\/es\/pago-mediante-transferencia-bancaria\/\",\"url\":\"https:\/\/centaurospa.it\/es\/pago-mediante-transferencia-bancaria\/\",\"name\":\"Pago mediante transferencia bancaria - Centauro\",\"isPartOf\":{\"@id\":\"https:\/\/centaurospa.it\/es\/#website\"},\"datePublished\":\"2025-06-16T15:06:47+00:00\",\"dateModified\":\"2025-06-16T15:51:18+00:00\",\"breadcrumb\":{\"@id\":\"https:\/\/centaurospa.it\/es\/pago-mediante-transferencia-bancaria\/#breadcrumb\"},\"inLanguage\":\"es\",\"potentialAction\":[{\"@type\":\"ReadAction\",\"target\":[\"https:\/\/centaurospa.it\/es\/pago-mediante-transferencia-bancaria\/\"]}]},{\"@type\":\"BreadcrumbList\",\"@id\":\"https:\/\/centaurospa.it\/es\/pago-mediante-transferencia-bancaria\/#breadcrumb\",\"itemListElement\":[{\"@type\":\"ListItem\",\"position\":1,\"name\":\"Home\",\"item\":\"https:\/\/centaurospa.it\/es\/inicio\/\"},{\"@type\":\"ListItem\",\"position\":2,\"name\":\"Pago mediante transferencia bancaria\"}]},{\"@type\":\"WebSite\",\"@id\":\"https:\/\/centaurospa.it\/es\/#website\",\"url\":\"https:\/\/centaurospa.it\/es\/\",\"name\":\"Seghe per legno e altri materiali\",\"description\":\"Seghe per legno e altri materiali\",\"publisher\":{\"@id\":\"https:\/\/centaurospa.it\/es\/#organization\"},\"potentialAction\":[{\"@type\":\"SearchAction\",\"target\":{\"@type\":\"EntryPoint\",\"urlTemplate\":\"https:\/\/centaurospa.it\/es\/?s={search_term_string}\"},\"query-input\":{\"@type\":\"PropertyValueSpecification\",\"valueRequired\":true,\"valueName\":\"search_term_string\"}}],\"inLanguage\":\"es\"},{\"@type\":\"Organization\",\"@id\":\"https:\/\/centaurospa.it\/es\/#organization\",\"name\":\"Centuaro\",\"url\":\"https:\/\/centaurospa.it\/es\/\",\"logo\":{\"@type\":\"ImageObject\",\"inLanguage\":\"es\",\"@id\":\"https:\/\/centaurospa.it\/es\/#\/schema\/logo\/image\/\",\"url\":\"https:\/\/centaurospa.it\/2025edition\/wp-content\/uploads\/2025\/03\/logo-centauro_0311-1.jpg\",\"contentUrl\":\"https:\/\/centaurospa.it\/2025edition\/wp-content\/uploads\/2025\/03\/logo-centauro_0311-1.jpg\",\"width\":242,\"height\":242,\"caption\":\"Centuaro\"},\"image\":{\"@id\":\"https:\/\/centaurospa.it\/es\/#\/schema\/logo\/image\/\"},\"sameAs\":[\"https:\/\/www.facebook.com\/p\/Centauro-SPA-100063529692066\/\",\"https:\/\/www.instagram.com\/centauro_woodworking_\/?locale=Onlineentertainmentrealpersonelectronicchessandcardslotterysportscomprehensivereputation(TelegramUUjd888888).abuk&hl=af\",\"https:\/\/www.linkedin.com\/company\/centauro-spa\/?originalSubdomain=it\"]}]}<\/script>\n<!-- \/ Yoast SEO plugin. -->","yoast_head_json":{"title":"Pago mediante transferencia bancaria - Centauro","robots":{"index":"index","follow":"follow","max-snippet":"max-snippet:-1","max-image-preview":"max-image-preview:large","max-video-preview":"max-video-preview:-1"},"canonical":"https:\/\/centaurospa.it\/es\/pago-mediante-transferencia-bancaria\/","og_locale":"es_ES","og_type":"article","og_title":"Pago mediante transferencia bancaria - Centauro","og_description":"Pagar mediante transferencia bancaria Nuestros datos bancarios. BPER BANCA S.P.A.Via Carpi-Ravarino n.\u00ba 39041010 LIMIDI (MO) ITALIAC\u00d3DIGO SWIFT: BPMOIT22XXXCUENTA N.\u00ba 491C\u00d3DIGO IBAN: IT10B0538767050000000000491 Todos los cargos bancarios corren por cuenta del remitente. Para transferencias internacionales gestionadas con el sistema SWIFT MT103, en el campo 71A \u00abDetalles de cargos\u00bb es necesario indicar el c\u00f3digo OUR.No se aceptan [&hellip;]","og_url":"https:\/\/centaurospa.it\/es\/pago-mediante-transferencia-bancaria\/","og_site_name":"Centauro","article_publisher":"https:\/\/www.facebook.com\/p\/Centauro-SPA-100063529692066\/","article_modified_time":"2025-06-16T15:51:18+00:00","twitter_card":"summary_large_image","schema":{"@context":"https:\/\/schema.org","@graph":[{"@type":"WebPage","@id":"https:\/\/centaurospa.it\/es\/pago-mediante-transferencia-bancaria\/","url":"https:\/\/centaurospa.it\/es\/pago-mediante-transferencia-bancaria\/","name":"Pago mediante transferencia bancaria - Centauro","isPartOf":{"@id":"https:\/\/centaurospa.it\/es\/#website"},"datePublished":"2025-06-16T15:06:47+00:00","dateModified":"2025-06-16T15:51:18+00:00","breadcrumb":{"@id":"https:\/\/centaurospa.it\/es\/pago-mediante-transferencia-bancaria\/#breadcrumb"},"inLanguage":"es","potentialAction":[{"@type":"ReadAction","target":["https:\/\/centaurospa.it\/es\/pago-mediante-transferencia-bancaria\/"]}]},{"@type":"BreadcrumbList","@id":"https:\/\/centaurospa.it\/es\/pago-mediante-transferencia-bancaria\/#breadcrumb","itemListElement":[{"@type":"ListItem","position":1,"name":"Home","item":"https:\/\/centaurospa.it\/es\/inicio\/"},{"@type":"ListItem","position":2,"name":"Pago mediante transferencia bancaria"}]},{"@type":"WebSite","@id":"https:\/\/centaurospa.it\/es\/#website","url":"https:\/\/centaurospa.it\/es\/","name":"Seghe per legno e altri materiali","description":"Seghe per legno e altri materiali","publisher":{"@id":"https:\/\/centaurospa.it\/es\/#organization"},"potentialAction":[{"@type":"SearchAction","target":{"@type":"EntryPoint","urlTemplate":"https:\/\/centaurospa.it\/es\/?s={search_term_string}"},"query-input":{"@type":"PropertyValueSpecification","valueRequired":true,"valueName":"search_term_string"}}],"inLanguage":"es"},{"@type":"Organization","@id":"https:\/\/centaurospa.it\/es\/#organization","name":"Centuaro","url":"https:\/\/centaurospa.it\/es\/","logo":{"@type":"ImageObject","inLanguage":"es","@id":"https:\/\/centaurospa.it\/es\/#\/schema\/logo\/image\/","url":"https:\/\/centaurospa.it\/2025edition\/wp-content\/uploads\/2025\/03\/logo-centauro_0311-1.jpg","contentUrl":"https:\/\/centaurospa.it\/2025edition\/wp-content\/uploads\/2025\/03\/logo-centauro_0311-1.jpg","width":242,"height":242,"caption":"Centuaro"},"image":{"@id":"https:\/\/centaurospa.it\/es\/#\/schema\/logo\/image\/"},"sameAs":["https:\/\/www.facebook.com\/p\/Centauro-SPA-100063529692066\/","https:\/\/www.instagram.com\/centauro_woodworking_\/?locale=Onlineentertainmentrealpersonelectronicchessandcardslotterysportscomprehensivereputation(TelegramUUjd888888).abuk&hl=af","https:\/\/www.linkedin.com\/company\/centauro-spa\/?originalSubdomain=it"]}]}},"_links":{"self":[{"href":"https:\/\/centaurospa.it\/es\/wp-json\/wp\/v2\/pages\/4236","targetHints":{"allow":["GET"]}}],"collection":[{"href":"https:\/\/centaurospa.it\/es\/wp-json\/wp\/v2\/pages"}],"about":[{"href":"https:\/\/centaurospa.it\/es\/wp-json\/wp\/v2\/types\/page"}],"author":[{"embeddable":true,"href":"https:\/\/centaurospa.it\/es\/wp-json\/wp\/v2\/users\/2"}],"replies":[{"embeddable":true,"href":"https:\/\/centaurospa.it\/es\/wp-json\/wp\/v2\/comments?post=4236"}],"version-history":[{"count":1,"href":"https:\/\/centaurospa.it\/es\/wp-json\/wp\/v2\/pages\/4236\/revisions"}],"predecessor-version":[{"id":4237,"href":"https:\/\/centaurospa.it\/es\/wp-json\/wp\/v2\/pages\/4236\/revisions\/4237"}],"wp:attachment":[{"href":"https:\/\/centaurospa.it\/es\/wp-json\/wp\/v2\/media?parent=4236"}],"curies":[{"name":"wp","href":"https:\/\/api.w.org\/{rel}","templated":true}]}}