{"id":3137,"date":"2025-03-26T15:25:59","date_gmt":"2025-03-26T14:25:59","guid":{"rendered":"https:\/\/centaurospa.it\/2025edition\/salons\/"},"modified":"2026-01-22T10:25:04","modified_gmt":"2026-01-22T09:25:04","slug":"salons","status":"publish","type":"page","link":"https:\/\/centaurospa.it\/fr\/salons\/","title":{"rendered":"Salons"},"content":{"rendered":"\t\t<div data-elementor-type=\"wp-page\" data-elementor-id=\"3137\" class=\"elementor elementor-3137 elementor-258\" data-elementor-post-type=\"page\">\n\t\t\t\t<div class=\"elementor-element elementor-element-fda0b23 e-flex e-con-boxed e-con e-parent\" data-id=\"fda0b23\" data-element_type=\"container\">\n\t\t\t\t\t<div class=\"e-con-inner\">\n\t\t<div class=\"elementor-element elementor-element-0771e40 e-con-full e-flex e-con e-child\" data-id=\"0771e40\" data-element_type=\"container\">\n\t\t\t\t<div class=\"elementor-element elementor-element-12c9b30 elementor-widget__width-inherit elementor-widget elementor-widget-heading\" data-id=\"12c9b30\" data-element_type=\"widget\" data-widget_type=\"heading.default\">\n\t\t\t\t<div class=\"elementor-widget-container\">\n\t\t\t\t\t<h2 class=\"elementor-heading-title elementor-size-default\">Salons<\/h2>\t\t\t\t<\/div>\n\t\t\t\t<\/div>\n\t\t\t\t<div class=\"elementor-element elementor-element-9d73aac elementor-widget__width-inherit elementor-widget elementor-widget-text-editor\" data-id=\"9d73aac\" data-element_type=\"widget\" data-widget_type=\"text-editor.default\">\n\t\t\t\t<div class=\"elementor-widget-container\">\n\t\t\t\t\t\t\t\t\t<p>Rendez-nous visite au salon et d\u00e9couvrez comment nos machines peuvent optimiser votre travail.<\/p><p>Nos experts sont \u00e0 votre disposition pour vous fournir des conseils personnalis\u00e9s<\/p>\t\t\t\t\t\t\t\t<\/div>\n\t\t\t\t<\/div>\n\t\t\t\t<div class=\"elementor-element elementor-element-2086cd6 elementor-widget-divider--view-line elementor-widget elementor-widget-divider\" data-id=\"2086cd6\" data-element_type=\"widget\" data-widget_type=\"divider.default\">\n\t\t\t\t<div class=\"elementor-widget-container\">\n\t\t\t\t\t\t\t<div class=\"elementor-divider\">\n\t\t\t<span class=\"elementor-divider-separator\">\n\t\t\t\t\t\t<\/span>\n\t\t<\/div>\n\t\t\t\t\t\t<\/div>\n\t\t\t\t<\/div>\n\t\t\t\t<div class=\"elementor-element elementor-element-3933053 elementor-widget__width-inherit elementor-widget elementor-widget-text-editor\" data-id=\"3933053\" data-element_type=\"widget\" data-widget_type=\"text-editor.default\">\n\t\t\t\t<div class=\"elementor-widget-container\">\n\t\t\t\t\t\t\t\t\t<p><strong>CENTAURO expose au salon EUROBOIS \u00e0 Lyon, du 3 au 6 f\u00e9vrier 2026<\/strong><\/p>\t\t\t\t\t\t\t\t<\/div>\n\t\t\t\t<\/div>\n\t\t\t\t<div class=\"elementor-element elementor-element-7629a92 elementor-widget__width-inherit elementor-widget elementor-widget-image\" data-id=\"7629a92\" data-element_type=\"widget\" data-widget_type=\"image.default\">\n\t\t\t\t<div class=\"elementor-widget-container\">\n\t\t\t\t\t\t\t\t\t\t\t\t\t\t\t<img fetchpriority=\"high\" decoding=\"async\" width=\"800\" height=\"99\" src=\"https:\/\/centaurospa.it\/2025edition\/wp-content\/uploads\/2026\/01\/RETROUVEZ_NOUS_SUR_LE_STAND_728x90_5D02_1638-OK-002-4-1024x127.jpg\" class=\"attachment-large size-large wp-image-5176\" alt=\"\" srcset=\"https:\/\/centaurospa.it\/2025edition\/wp-content\/uploads\/2026\/01\/RETROUVEZ_NOUS_SUR_LE_STAND_728x90_5D02_1638-OK-002-4-1024x127.jpg 1024w, https:\/\/centaurospa.it\/2025edition\/wp-content\/uploads\/2026\/01\/RETROUVEZ_NOUS_SUR_LE_STAND_728x90_5D02_1638-OK-002-4-300x37.jpg 300w, https:\/\/centaurospa.it\/2025edition\/wp-content\/uploads\/2026\/01\/RETROUVEZ_NOUS_SUR_LE_STAND_728x90_5D02_1638-OK-002-4-768x95.jpg 768w, https:\/\/centaurospa.it\/2025edition\/wp-content\/uploads\/2026\/01\/RETROUVEZ_NOUS_SUR_LE_STAND_728x90_5D02_1638-OK-002-4.jpg 1456w\" sizes=\"(max-width: 800px) 100vw, 800px\" \/>\t\t\t\t\t\t\t\t\t\t\t\t\t\t\t<\/div>\n\t\t\t\t<\/div>\n\t\t<div class=\"elementor-element elementor-element-a0e0811 e-con-full e-flex e-con e-child\" data-id=\"a0e0811\" data-element_type=\"container\">\n\t\t\t\t<div class=\"elementor-element elementor-element-84539a2 elementor-widget elementor-widget-heading\" data-id=\"84539a2\" data-element_type=\"widget\" data-widget_type=\"heading.default\">\n\t\t\t\t<div class=\"elementor-widget-container\">\n\t\t\t\t\t<h4 class=\"elementor-heading-title elementor-size-default\">Du 3 au 6 f\u00e9vrier 2026<\/h4>\t\t\t\t<\/div>\n\t\t\t\t<\/div>\n\t\t\t\t<\/div>\n\t\t<div class=\"elementor-element elementor-element-e0eb40f e-con-full e-flex e-con e-child\" data-id=\"e0eb40f\" data-element_type=\"container\">\n\t\t\t\t<div class=\"elementor-element elementor-element-ff3426e elementor-widget__width-initial elementor-widget elementor-widget-heading\" data-id=\"ff3426e\" data-element_type=\"widget\" data-widget_type=\"heading.default\">\n\t\t\t\t<div class=\"elementor-widget-container\">\n\t\t\t\t\t<h5 class=\"elementor-heading-title elementor-size-default\">EUROBOIS - Lyon<\/h5>\t\t\t\t<\/div>\n\t\t\t\t<\/div>\n\t\t\t\t<div class=\"elementor-element elementor-element-9028bed elementor-widget elementor-widget-text-editor\" data-id=\"9028bed\" data-element_type=\"widget\" data-widget_type=\"text-editor.default\">\n\t\t\t\t<div class=\"elementor-widget-container\">\n\t\t\t\t\t\t\t\t\t<p>Stand 5D02<\/p>\t\t\t\t\t\t\t\t<\/div>\n\t\t\t\t<\/div>\n\t\t\t\t<div class=\"elementor-element elementor-element-1aaa7be elementor-widget elementor-widget-button\" data-id=\"1aaa7be\" data-element_type=\"widget\" data-widget_type=\"button.default\">\n\t\t\t\t<div class=\"elementor-widget-container\">\n\t\t\t\t\t\t\t\t\t<div class=\"elementor-button-wrapper\">\n\t\t\t\t\t<a class=\"elementor-button elementor-button-link elementor-size-sm\" href=\"https:\/\/www.eurobois-events.com\/\">\n\t\t\t\t\t\t<span class=\"elementor-button-content-wrapper\">\n\t\t\t\t\t\t\t\t\t<span class=\"elementor-button-text\">D\u00e9couvrir le salon<\/span>\n\t\t\t\t\t<\/span>\n\t\t\t\t\t<\/a>\n\t\t\t\t<\/div>\n\t\t\t\t\t\t\t\t<\/div>\n\t\t\t\t<\/div>\n\t\t\t\t<\/div>\n\t\t\t\t<div class=\"elementor-element elementor-element-d8faa1c elementor-widget-divider--view-line elementor-widget elementor-widget-divider\" data-id=\"d8faa1c\" data-element_type=\"widget\" data-widget_type=\"divider.default\">\n\t\t\t\t<div class=\"elementor-widget-container\">\n\t\t\t\t\t\t\t<div class=\"elementor-divider\">\n\t\t\t<span class=\"elementor-divider-separator\">\n\t\t\t\t\t\t<\/span>\n\t\t<\/div>\n\t\t\t\t\t\t<\/div>\n\t\t\t\t<\/div>\n\t\t\t\t<\/div>\n\t\t\t\t\t<\/div>\n\t\t\t\t<\/div>\n\t\t<div class=\"elementor-element elementor-element-eee8a44 e-flex e-con-boxed e-con e-parent\" data-id=\"eee8a44\" data-element_type=\"container\">\n\t\t\t\t\t<div class=\"e-con-inner\">\n\t\t\t\t<div class=\"elementor-element elementor-element-b56daa6 elementor-widget elementor-widget-gallery\" data-id=\"b56daa6\" data-element_type=\"widget\" data-settings=\"{&quot;columns&quot;:2,&quot;lazyload&quot;:&quot;yes&quot;,&quot;gallery_layout&quot;:&quot;grid&quot;,&quot;columns_tablet&quot;:2,&quot;columns_mobile&quot;:1,&quot;gap&quot;:{&quot;unit&quot;:&quot;px&quot;,&quot;size&quot;:10,&quot;sizes&quot;:[]},&quot;gap_tablet&quot;:{&quot;unit&quot;:&quot;px&quot;,&quot;size&quot;:10,&quot;sizes&quot;:[]},&quot;gap_mobile&quot;:{&quot;unit&quot;:&quot;px&quot;,&quot;size&quot;:10,&quot;sizes&quot;:[]},&quot;aspect_ratio&quot;:&quot;3:2&quot;,&quot;overlay_background&quot;:&quot;yes&quot;,&quot;content_hover_animation&quot;:&quot;fade-in&quot;}\" data-widget_type=\"gallery.default\">\n\t\t\t\t<div class=\"elementor-widget-container\">\n\t\t\t\t\t\t\t<div class=\"elementor-gallery__container\">\n\t\t\t\t\t\t\t<div class=\"e-gallery-item elementor-gallery-item elementor-animated-content\">\n\t\t\t\t\t<div class=\"e-gallery-image elementor-gallery-item__image\" data-thumbnail=\"https:\/\/centaurospa.it\/2025edition\/wp-content\/uploads\/2025\/06\/foto-stand-finito.jpg\" data-width=\"1000\" data-height=\"750\" aria-label=\"\" role=\"img\" ><\/div>\n\t\t\t\t\t\t\t\t\t\t\t<div class=\"elementor-gallery-item__overlay\"><\/div>\n\t\t\t\t\t\t\t\t\t\t\t\t\t\t<\/div>\n\t\t\t\t\t\t\t<div class=\"e-gallery-item elementor-gallery-item elementor-animated-content\">\n\t\t\t\t\t<div class=\"e-gallery-image elementor-gallery-item__image\" data-thumbnail=\"https:\/\/centaurospa.it\/2025edition\/wp-content\/uploads\/2025\/06\/foto-stand-ligna-2025.jpg\" data-width=\"1600\" data-height=\"720\" aria-label=\"\" role=\"img\" ><\/div>\n\t\t\t\t\t\t\t\t\t\t\t<div class=\"elementor-gallery-item__overlay\"><\/div>\n\t\t\t\t\t\t\t\t\t\t\t\t\t\t<\/div>\n\t\t\t\t\t<\/div>\n\t\t\t\t\t<\/div>\n\t\t\t\t<\/div>\n\t\t\t\t\t<\/div>\n\t\t\t\t<\/div>\n\t\t\t\t<\/div>\n\t\t","protected":false},"excerpt":{"rendered":"<p>Salons Rendez-nous visite au salon et d\u00e9couvrez comment nos machines peuvent optimiser votre travail. Nos experts sont \u00e0 votre disposition pour vous fournir des conseils personnalis\u00e9s CENTAURO expose au salon EUROBOIS \u00e0 Lyon, du 3 au 6 f\u00e9vrier 2026 Du 3 au 6 f\u00e9vrier 2026 EUROBOIS &#8211; Lyon Stand 5D02 D\u00e9couvrir le salon<\/p>\n","protected":false},"author":1,"featured_media":0,"parent":0,"menu_order":0,"comment_status":"closed","ping_status":"closed","template":"elementor_header_footer","meta":{"footnotes":""},"class_list":["post-3137","page","type-page","status-publish","hentry"],"yoast_head":"<!-- This site is optimized with the Yoast SEO plugin v26.8 - https:\/\/yoast.com\/product\/yoast-seo-wordpress\/ -->\n<title>Salons - Centauro<\/title>\n<meta name=\"robots\" content=\"index, follow, max-snippet:-1, max-image-preview:large, max-video-preview:-1\" \/>\n<link rel=\"canonical\" href=\"https:\/\/centaurospa.it\/fr\/salons\/\" \/>\n<meta property=\"og:locale\" content=\"fr_FR\" \/>\n<meta property=\"og:type\" content=\"article\" \/>\n<meta property=\"og:title\" content=\"Salons - Centauro\" \/>\n<meta property=\"og:description\" content=\"Salons Rendez-nous visite au salon et d\u00e9couvrez comment nos machines peuvent optimiser votre travail. Nos experts sont \u00e0 votre disposition pour vous fournir des conseils personnalis\u00e9s CENTAURO expose au salon EUROBOIS \u00e0 Lyon, du 3 au 6 f\u00e9vrier 2026 Du 3 au 6 f\u00e9vrier 2026 EUROBOIS &#8211; Lyon Stand 5D02 D\u00e9couvrir le salon\" \/>\n<meta property=\"og:url\" content=\"https:\/\/centaurospa.it\/fr\/salons\/\" \/>\n<meta property=\"og:site_name\" content=\"Centauro\" \/>\n<meta property=\"article:publisher\" content=\"https:\/\/www.facebook.com\/p\/Centauro-SPA-100063529692066\/\" \/>\n<meta property=\"article:modified_time\" content=\"2026-01-22T09:25:04+00:00\" \/>\n<meta property=\"og:image\" content=\"https:\/\/centaurospa.it\/2025edition\/wp-content\/uploads\/2026\/01\/RETROUVEZ_NOUS_SUR_LE_STAND_728x90_5D02_1638-OK-002-4.jpg\" \/>\n\t<meta property=\"og:image:width\" content=\"1456\" \/>\n\t<meta property=\"og:image:height\" content=\"180\" \/>\n\t<meta property=\"og:image:type\" content=\"image\/jpeg\" \/>\n<meta name=\"twitter:card\" content=\"summary_large_image\" \/>\n<meta name=\"twitter:label1\" content=\"Dur\u00e9e de lecture estim\u00e9e\" \/>\n\t<meta name=\"twitter:data1\" content=\"1 minute\" \/>\n<script type=\"application\/ld+json\" class=\"yoast-schema-graph\">{\"@context\":\"https:\/\/schema.org\",\"@graph\":[{\"@type\":\"WebPage\",\"@id\":\"https:\/\/centaurospa.it\/fr\/salons\/\",\"url\":\"https:\/\/centaurospa.it\/fr\/salons\/\",\"name\":\"Salons - Centauro\",\"isPartOf\":{\"@id\":\"https:\/\/centaurospa.it\/fr\/#website\"},\"primaryImageOfPage\":{\"@id\":\"https:\/\/centaurospa.it\/fr\/salons\/#primaryimage\"},\"image\":{\"@id\":\"https:\/\/centaurospa.it\/fr\/salons\/#primaryimage\"},\"thumbnailUrl\":\"https:\/\/centaurospa.it\/2025edition\/wp-content\/uploads\/2026\/01\/RETROUVEZ_NOUS_SUR_LE_STAND_728x90_5D02_1638-OK-002-4-1024x127.jpg\",\"datePublished\":\"2025-03-26T14:25:59+00:00\",\"dateModified\":\"2026-01-22T09:25:04+00:00\",\"breadcrumb\":{\"@id\":\"https:\/\/centaurospa.it\/fr\/salons\/#breadcrumb\"},\"inLanguage\":\"fr-FR\",\"potentialAction\":[{\"@type\":\"ReadAction\",\"target\":[\"https:\/\/centaurospa.it\/fr\/salons\/\"]}]},{\"@type\":\"ImageObject\",\"inLanguage\":\"fr-FR\",\"@id\":\"https:\/\/centaurospa.it\/fr\/salons\/#primaryimage\",\"url\":\"https:\/\/centaurospa.it\/2025edition\/wp-content\/uploads\/2026\/01\/RETROUVEZ_NOUS_SUR_LE_STAND_728x90_5D02_1638-OK-002-4-1024x127.jpg\",\"contentUrl\":\"https:\/\/centaurospa.it\/2025edition\/wp-content\/uploads\/2026\/01\/RETROUVEZ_NOUS_SUR_LE_STAND_728x90_5D02_1638-OK-002-4-1024x127.jpg\"},{\"@type\":\"BreadcrumbList\",\"@id\":\"https:\/\/centaurospa.it\/fr\/salons\/#breadcrumb\",\"itemListElement\":[{\"@type\":\"ListItem\",\"position\":1,\"name\":\"Home\",\"item\":\"https:\/\/centaurospa.it\/fr\/accueil\/\"},{\"@type\":\"ListItem\",\"position\":2,\"name\":\"Salons\"}]},{\"@type\":\"WebSite\",\"@id\":\"https:\/\/centaurospa.it\/fr\/#website\",\"url\":\"https:\/\/centaurospa.it\/fr\/\",\"name\":\"Seghe per legno e altri materiali\",\"description\":\"Seghe per legno e altri materiali\",\"publisher\":{\"@id\":\"https:\/\/centaurospa.it\/fr\/#organization\"},\"potentialAction\":[{\"@type\":\"SearchAction\",\"target\":{\"@type\":\"EntryPoint\",\"urlTemplate\":\"https:\/\/centaurospa.it\/fr\/?s={search_term_string}\"},\"query-input\":{\"@type\":\"PropertyValueSpecification\",\"valueRequired\":true,\"valueName\":\"search_term_string\"}}],\"inLanguage\":\"fr-FR\"},{\"@type\":\"Organization\",\"@id\":\"https:\/\/centaurospa.it\/fr\/#organization\",\"name\":\"Centuaro\",\"url\":\"https:\/\/centaurospa.it\/fr\/\",\"logo\":{\"@type\":\"ImageObject\",\"inLanguage\":\"fr-FR\",\"@id\":\"https:\/\/centaurospa.it\/fr\/#\/schema\/logo\/image\/\",\"url\":\"https:\/\/centaurospa.it\/2025edition\/wp-content\/uploads\/2025\/03\/logo-centauro_0311-1.jpg\",\"contentUrl\":\"https:\/\/centaurospa.it\/2025edition\/wp-content\/uploads\/2025\/03\/logo-centauro_0311-1.jpg\",\"width\":242,\"height\":242,\"caption\":\"Centuaro\"},\"image\":{\"@id\":\"https:\/\/centaurospa.it\/fr\/#\/schema\/logo\/image\/\"},\"sameAs\":[\"https:\/\/www.facebook.com\/p\/Centauro-SPA-100063529692066\/\",\"https:\/\/www.instagram.com\/centauro_woodworking_\/?locale=Onlineentertainmentrealpersonelectronicchessandcardslotterysportscomprehensivereputation(TelegramUUjd888888).abuk&hl=af\",\"https:\/\/www.linkedin.com\/company\/centauro-spa\/?originalSubdomain=it\"]}]}<\/script>\n<!-- \/ Yoast SEO plugin. -->","yoast_head_json":{"title":"Salons - Centauro","robots":{"index":"index","follow":"follow","max-snippet":"max-snippet:-1","max-image-preview":"max-image-preview:large","max-video-preview":"max-video-preview:-1"},"canonical":"https:\/\/centaurospa.it\/fr\/salons\/","og_locale":"fr_FR","og_type":"article","og_title":"Salons - Centauro","og_description":"Salons Rendez-nous visite au salon et d\u00e9couvrez comment nos machines peuvent optimiser votre travail. Nos experts sont \u00e0 votre disposition pour vous fournir des conseils personnalis\u00e9s CENTAURO expose au salon EUROBOIS \u00e0 Lyon, du 3 au 6 f\u00e9vrier 2026 Du 3 au 6 f\u00e9vrier 2026 EUROBOIS &#8211; Lyon Stand 5D02 D\u00e9couvrir le salon","og_url":"https:\/\/centaurospa.it\/fr\/salons\/","og_site_name":"Centauro","article_publisher":"https:\/\/www.facebook.com\/p\/Centauro-SPA-100063529692066\/","article_modified_time":"2026-01-22T09:25:04+00:00","og_image":[{"width":1456,"height":180,"url":"https:\/\/centaurospa.it\/2025edition\/wp-content\/uploads\/2026\/01\/RETROUVEZ_NOUS_SUR_LE_STAND_728x90_5D02_1638-OK-002-4.jpg","type":"image\/jpeg"}],"twitter_card":"summary_large_image","twitter_misc":{"Dur\u00e9e de lecture estim\u00e9e":"1 minute"},"schema":{"@context":"https:\/\/schema.org","@graph":[{"@type":"WebPage","@id":"https:\/\/centaurospa.it\/fr\/salons\/","url":"https:\/\/centaurospa.it\/fr\/salons\/","name":"Salons - Centauro","isPartOf":{"@id":"https:\/\/centaurospa.it\/fr\/#website"},"primaryImageOfPage":{"@id":"https:\/\/centaurospa.it\/fr\/salons\/#primaryimage"},"image":{"@id":"https:\/\/centaurospa.it\/fr\/salons\/#primaryimage"},"thumbnailUrl":"https:\/\/centaurospa.it\/2025edition\/wp-content\/uploads\/2026\/01\/RETROUVEZ_NOUS_SUR_LE_STAND_728x90_5D02_1638-OK-002-4-1024x127.jpg","datePublished":"2025-03-26T14:25:59+00:00","dateModified":"2026-01-22T09:25:04+00:00","breadcrumb":{"@id":"https:\/\/centaurospa.it\/fr\/salons\/#breadcrumb"},"inLanguage":"fr-FR","potentialAction":[{"@type":"ReadAction","target":["https:\/\/centaurospa.it\/fr\/salons\/"]}]},{"@type":"ImageObject","inLanguage":"fr-FR","@id":"https:\/\/centaurospa.it\/fr\/salons\/#primaryimage","url":"https:\/\/centaurospa.it\/2025edition\/wp-content\/uploads\/2026\/01\/RETROUVEZ_NOUS_SUR_LE_STAND_728x90_5D02_1638-OK-002-4-1024x127.jpg","contentUrl":"https:\/\/centaurospa.it\/2025edition\/wp-content\/uploads\/2026\/01\/RETROUVEZ_NOUS_SUR_LE_STAND_728x90_5D02_1638-OK-002-4-1024x127.jpg"},{"@type":"BreadcrumbList","@id":"https:\/\/centaurospa.it\/fr\/salons\/#breadcrumb","itemListElement":[{"@type":"ListItem","position":1,"name":"Home","item":"https:\/\/centaurospa.it\/fr\/accueil\/"},{"@type":"ListItem","position":2,"name":"Salons"}]},{"@type":"WebSite","@id":"https:\/\/centaurospa.it\/fr\/#website","url":"https:\/\/centaurospa.it\/fr\/","name":"Seghe per legno e altri materiali","description":"Seghe per legno e altri materiali","publisher":{"@id":"https:\/\/centaurospa.it\/fr\/#organization"},"potentialAction":[{"@type":"SearchAction","target":{"@type":"EntryPoint","urlTemplate":"https:\/\/centaurospa.it\/fr\/?s={search_term_string}"},"query-input":{"@type":"PropertyValueSpecification","valueRequired":true,"valueName":"search_term_string"}}],"inLanguage":"fr-FR"},{"@type":"Organization","@id":"https:\/\/centaurospa.it\/fr\/#organization","name":"Centuaro","url":"https:\/\/centaurospa.it\/fr\/","logo":{"@type":"ImageObject","inLanguage":"fr-FR","@id":"https:\/\/centaurospa.it\/fr\/#\/schema\/logo\/image\/","url":"https:\/\/centaurospa.it\/2025edition\/wp-content\/uploads\/2025\/03\/logo-centauro_0311-1.jpg","contentUrl":"https:\/\/centaurospa.it\/2025edition\/wp-content\/uploads\/2025\/03\/logo-centauro_0311-1.jpg","width":242,"height":242,"caption":"Centuaro"},"image":{"@id":"https:\/\/centaurospa.it\/fr\/#\/schema\/logo\/image\/"},"sameAs":["https:\/\/www.facebook.com\/p\/Centauro-SPA-100063529692066\/","https:\/\/www.instagram.com\/centauro_woodworking_\/?locale=Onlineentertainmentrealpersonelectronicchessandcardslotterysportscomprehensivereputation(TelegramUUjd888888).abuk&hl=af","https:\/\/www.linkedin.com\/company\/centauro-spa\/?originalSubdomain=it"]}]}},"_links":{"self":[{"href":"https:\/\/centaurospa.it\/fr\/wp-json\/wp\/v2\/pages\/3137","targetHints":{"allow":["GET"]}}],"collection":[{"href":"https:\/\/centaurospa.it\/fr\/wp-json\/wp\/v2\/pages"}],"about":[{"href":"https:\/\/centaurospa.it\/fr\/wp-json\/wp\/v2\/types\/page"}],"author":[{"embeddable":true,"href":"https:\/\/centaurospa.it\/fr\/wp-json\/wp\/v2\/users\/1"}],"replies":[{"embeddable":true,"href":"https:\/\/centaurospa.it\/fr\/wp-json\/wp\/v2\/comments?post=3137"}],"version-history":[{"count":9,"href":"https:\/\/centaurospa.it\/fr\/wp-json\/wp\/v2\/pages\/3137\/revisions"}],"predecessor-version":[{"id":5209,"href":"https:\/\/centaurospa.it\/fr\/wp-json\/wp\/v2\/pages\/3137\/revisions\/5209"}],"wp:attachment":[{"href":"https:\/\/centaurospa.it\/fr\/wp-json\/wp\/v2\/media?parent=3137"}],"curies":[{"name":"wp","href":"https:\/\/api.w.org\/{rel}","templated":true}]}}