{"id":4232,"date":"2025-06-16T17:06:47","date_gmt":"2025-06-16T15:06:47","guid":{"rendered":"https:\/\/centaurospa.it\/2025edition\/paiement-par-virement-bancaire\/"},"modified":"2025-06-16T17:49:16","modified_gmt":"2025-06-16T15:49:16","slug":"paiement-par-virement-bancaire","status":"publish","type":"page","link":"https:\/\/centaurospa.it\/fr\/paiement-par-virement-bancaire\/","title":{"rendered":"Paiement par virement bancaire"},"content":{"rendered":"\t\t<div data-elementor-type=\"wp-page\" data-elementor-id=\"4232\" class=\"elementor elementor-4232 elementor-4214\" data-elementor-post-type=\"page\">\n\t\t\t\t<div class=\"elementor-element elementor-element-fcd6501 e-flex e-con-boxed e-con e-parent\" data-id=\"fcd6501\" data-element_type=\"container\">\n\t\t\t\t\t<div class=\"e-con-inner\">\n\t\t\t\t<div class=\"elementor-element elementor-element-203eba9 elementor-widget elementor-widget-heading\" data-id=\"203eba9\" data-element_type=\"widget\" data-widget_type=\"heading.default\">\n\t\t\t\t<div class=\"elementor-widget-container\">\n\t\t\t\t\t<h2 class=\"elementor-heading-title elementor-size-default\">Payer par virement bancaire<\/h2>\t\t\t\t<\/div>\n\t\t\t\t<\/div>\n\t\t\t\t<div class=\"elementor-element elementor-element-98743aa elementor-widget elementor-widget-text-editor\" data-id=\"98743aa\" data-element_type=\"widget\" data-widget_type=\"text-editor.default\">\n\t\t\t\t<div class=\"elementor-widget-container\">\n\t\t\t\t\t\t\t\t\t<p><strong>Nos coordonn\u00e9es bancaires.<\/strong><\/p><p> <\/p><p>BPER BANCA S.P.A.<br>Via Carpi-Ravarino n\u00b0 390<br>41010 LIMIDI (MO) ITALIE<br>CODE SWIFT : BPMOIT22XXX<br>N\u00b0 DE COMPTE : 491<br>CODE IBAN : IT10B0538767050000000000491  <\/p><p><br>Tous les frais bancaires sont \u00e0 la charge de l&rsquo;exp\u00e9diteur. Pour les virements internationaux g\u00e9r\u00e9s avec le syst\u00e8me SWIFT MT103, le code OUR doit \u00eatre indiqu\u00e9 dans le champ 71A \u00ab D\u00e9tail des frais \u00bb. Les codes BEN et SHA ne sont pas accept\u00e9s.<br>Pour tout paiement cr\u00e9dit\u00e9 avec d\u00e9duction des frais bancaires, Centauro demandera un virement suppl\u00e9mentaire pour le solde restant. <\/p>\t\t\t\t\t\t\t\t<\/div>\n\t\t\t\t<\/div>\n\t\t\t\t\t<\/div>\n\t\t\t\t<\/div>\n\t\t\t\t<\/div>\n\t\t","protected":false},"excerpt":{"rendered":"<p>Payer par virement bancaire Nos coordonn\u00e9es bancaires. BPER BANCA S.P.A.Via Carpi-Ravarino n\u00b0 39041010 LIMIDI (MO) ITALIECODE SWIFT : BPMOIT22XXXN\u00b0 DE COMPTE : 491CODE IBAN : IT10B0538767050000000000491 Tous les frais bancaires sont \u00e0 la charge de l&rsquo;exp\u00e9diteur. Pour les virements internationaux g\u00e9r\u00e9s avec le syst\u00e8me SWIFT MT103, le code OUR doit \u00eatre indiqu\u00e9 dans le champ [&hellip;]<\/p>\n","protected":false},"author":2,"featured_media":0,"parent":0,"menu_order":0,"comment_status":"closed","ping_status":"closed","template":"elementor_header_footer","meta":{"footnotes":""},"class_list":["post-4232","page","type-page","status-publish","hentry"],"yoast_head":"<!-- This site is optimized with the Yoast SEO plugin v26.8 - https:\/\/yoast.com\/product\/yoast-seo-wordpress\/ -->\n<title>Paiement par virement bancaire - Centauro<\/title>\n<meta name=\"robots\" content=\"index, follow, max-snippet:-1, max-image-preview:large, max-video-preview:-1\" \/>\n<link rel=\"canonical\" href=\"https:\/\/centaurospa.it\/fr\/paiement-par-virement-bancaire\/\" \/>\n<meta property=\"og:locale\" content=\"fr_FR\" \/>\n<meta property=\"og:type\" content=\"article\" \/>\n<meta property=\"og:title\" content=\"Paiement par virement bancaire - Centauro\" \/>\n<meta property=\"og:description\" content=\"Payer par virement bancaire Nos coordonn\u00e9es bancaires. BPER BANCA S.P.A.Via Carpi-Ravarino n\u00b0 39041010 LIMIDI (MO) ITALIECODE SWIFT : BPMOIT22XXXN\u00b0 DE COMPTE : 491CODE IBAN : IT10B0538767050000000000491 Tous les frais bancaires sont \u00e0 la charge de l&rsquo;exp\u00e9diteur. Pour les virements internationaux g\u00e9r\u00e9s avec le syst\u00e8me SWIFT MT103, le code OUR doit \u00eatre indiqu\u00e9 dans le champ [&hellip;]\" \/>\n<meta property=\"og:url\" content=\"https:\/\/centaurospa.it\/fr\/paiement-par-virement-bancaire\/\" \/>\n<meta property=\"og:site_name\" content=\"Centauro\" \/>\n<meta property=\"article:publisher\" content=\"https:\/\/www.facebook.com\/p\/Centauro-SPA-100063529692066\/\" \/>\n<meta property=\"article:modified_time\" content=\"2025-06-16T15:49:16+00:00\" \/>\n<meta name=\"twitter:card\" content=\"summary_large_image\" \/>\n<script type=\"application\/ld+json\" class=\"yoast-schema-graph\">{\"@context\":\"https:\/\/schema.org\",\"@graph\":[{\"@type\":\"WebPage\",\"@id\":\"https:\/\/centaurospa.it\/fr\/paiement-par-virement-bancaire\/\",\"url\":\"https:\/\/centaurospa.it\/fr\/paiement-par-virement-bancaire\/\",\"name\":\"Paiement par virement bancaire - Centauro\",\"isPartOf\":{\"@id\":\"https:\/\/centaurospa.it\/fr\/#website\"},\"datePublished\":\"2025-06-16T15:06:47+00:00\",\"dateModified\":\"2025-06-16T15:49:16+00:00\",\"breadcrumb\":{\"@id\":\"https:\/\/centaurospa.it\/fr\/paiement-par-virement-bancaire\/#breadcrumb\"},\"inLanguage\":\"fr-FR\",\"potentialAction\":[{\"@type\":\"ReadAction\",\"target\":[\"https:\/\/centaurospa.it\/fr\/paiement-par-virement-bancaire\/\"]}]},{\"@type\":\"BreadcrumbList\",\"@id\":\"https:\/\/centaurospa.it\/fr\/paiement-par-virement-bancaire\/#breadcrumb\",\"itemListElement\":[{\"@type\":\"ListItem\",\"position\":1,\"name\":\"Home\",\"item\":\"https:\/\/centaurospa.it\/fr\/accueil\/\"},{\"@type\":\"ListItem\",\"position\":2,\"name\":\"Paiement par virement bancaire\"}]},{\"@type\":\"WebSite\",\"@id\":\"https:\/\/centaurospa.it\/fr\/#website\",\"url\":\"https:\/\/centaurospa.it\/fr\/\",\"name\":\"Seghe per legno e altri materiali\",\"description\":\"Seghe per legno e altri materiali\",\"publisher\":{\"@id\":\"https:\/\/centaurospa.it\/fr\/#organization\"},\"potentialAction\":[{\"@type\":\"SearchAction\",\"target\":{\"@type\":\"EntryPoint\",\"urlTemplate\":\"https:\/\/centaurospa.it\/fr\/?s={search_term_string}\"},\"query-input\":{\"@type\":\"PropertyValueSpecification\",\"valueRequired\":true,\"valueName\":\"search_term_string\"}}],\"inLanguage\":\"fr-FR\"},{\"@type\":\"Organization\",\"@id\":\"https:\/\/centaurospa.it\/fr\/#organization\",\"name\":\"Centuaro\",\"url\":\"https:\/\/centaurospa.it\/fr\/\",\"logo\":{\"@type\":\"ImageObject\",\"inLanguage\":\"fr-FR\",\"@id\":\"https:\/\/centaurospa.it\/fr\/#\/schema\/logo\/image\/\",\"url\":\"https:\/\/centaurospa.it\/2025edition\/wp-content\/uploads\/2025\/03\/logo-centauro_0311-1.jpg\",\"contentUrl\":\"https:\/\/centaurospa.it\/2025edition\/wp-content\/uploads\/2025\/03\/logo-centauro_0311-1.jpg\",\"width\":242,\"height\":242,\"caption\":\"Centuaro\"},\"image\":{\"@id\":\"https:\/\/centaurospa.it\/fr\/#\/schema\/logo\/image\/\"},\"sameAs\":[\"https:\/\/www.facebook.com\/p\/Centauro-SPA-100063529692066\/\",\"https:\/\/www.instagram.com\/centauro_woodworking_\/?locale=Onlineentertainmentrealpersonelectronicchessandcardslotterysportscomprehensivereputation(TelegramUUjd888888).abuk&hl=af\",\"https:\/\/www.linkedin.com\/company\/centauro-spa\/?originalSubdomain=it\"]}]}<\/script>\n<!-- \/ Yoast SEO plugin. -->","yoast_head_json":{"title":"Paiement par virement bancaire - Centauro","robots":{"index":"index","follow":"follow","max-snippet":"max-snippet:-1","max-image-preview":"max-image-preview:large","max-video-preview":"max-video-preview:-1"},"canonical":"https:\/\/centaurospa.it\/fr\/paiement-par-virement-bancaire\/","og_locale":"fr_FR","og_type":"article","og_title":"Paiement par virement bancaire - Centauro","og_description":"Payer par virement bancaire Nos coordonn\u00e9es bancaires. BPER BANCA S.P.A.Via Carpi-Ravarino n\u00b0 39041010 LIMIDI (MO) ITALIECODE SWIFT : BPMOIT22XXXN\u00b0 DE COMPTE : 491CODE IBAN : IT10B0538767050000000000491 Tous les frais bancaires sont \u00e0 la charge de l&rsquo;exp\u00e9diteur. Pour les virements internationaux g\u00e9r\u00e9s avec le syst\u00e8me SWIFT MT103, le code OUR doit \u00eatre indiqu\u00e9 dans le champ [&hellip;]","og_url":"https:\/\/centaurospa.it\/fr\/paiement-par-virement-bancaire\/","og_site_name":"Centauro","article_publisher":"https:\/\/www.facebook.com\/p\/Centauro-SPA-100063529692066\/","article_modified_time":"2025-06-16T15:49:16+00:00","twitter_card":"summary_large_image","schema":{"@context":"https:\/\/schema.org","@graph":[{"@type":"WebPage","@id":"https:\/\/centaurospa.it\/fr\/paiement-par-virement-bancaire\/","url":"https:\/\/centaurospa.it\/fr\/paiement-par-virement-bancaire\/","name":"Paiement par virement bancaire - Centauro","isPartOf":{"@id":"https:\/\/centaurospa.it\/fr\/#website"},"datePublished":"2025-06-16T15:06:47+00:00","dateModified":"2025-06-16T15:49:16+00:00","breadcrumb":{"@id":"https:\/\/centaurospa.it\/fr\/paiement-par-virement-bancaire\/#breadcrumb"},"inLanguage":"fr-FR","potentialAction":[{"@type":"ReadAction","target":["https:\/\/centaurospa.it\/fr\/paiement-par-virement-bancaire\/"]}]},{"@type":"BreadcrumbList","@id":"https:\/\/centaurospa.it\/fr\/paiement-par-virement-bancaire\/#breadcrumb","itemListElement":[{"@type":"ListItem","position":1,"name":"Home","item":"https:\/\/centaurospa.it\/fr\/accueil\/"},{"@type":"ListItem","position":2,"name":"Paiement par virement bancaire"}]},{"@type":"WebSite","@id":"https:\/\/centaurospa.it\/fr\/#website","url":"https:\/\/centaurospa.it\/fr\/","name":"Seghe per legno e altri materiali","description":"Seghe per legno e altri materiali","publisher":{"@id":"https:\/\/centaurospa.it\/fr\/#organization"},"potentialAction":[{"@type":"SearchAction","target":{"@type":"EntryPoint","urlTemplate":"https:\/\/centaurospa.it\/fr\/?s={search_term_string}"},"query-input":{"@type":"PropertyValueSpecification","valueRequired":true,"valueName":"search_term_string"}}],"inLanguage":"fr-FR"},{"@type":"Organization","@id":"https:\/\/centaurospa.it\/fr\/#organization","name":"Centuaro","url":"https:\/\/centaurospa.it\/fr\/","logo":{"@type":"ImageObject","inLanguage":"fr-FR","@id":"https:\/\/centaurospa.it\/fr\/#\/schema\/logo\/image\/","url":"https:\/\/centaurospa.it\/2025edition\/wp-content\/uploads\/2025\/03\/logo-centauro_0311-1.jpg","contentUrl":"https:\/\/centaurospa.it\/2025edition\/wp-content\/uploads\/2025\/03\/logo-centauro_0311-1.jpg","width":242,"height":242,"caption":"Centuaro"},"image":{"@id":"https:\/\/centaurospa.it\/fr\/#\/schema\/logo\/image\/"},"sameAs":["https:\/\/www.facebook.com\/p\/Centauro-SPA-100063529692066\/","https:\/\/www.instagram.com\/centauro_woodworking_\/?locale=Onlineentertainmentrealpersonelectronicchessandcardslotterysportscomprehensivereputation(TelegramUUjd888888).abuk&hl=af","https:\/\/www.linkedin.com\/company\/centauro-spa\/?originalSubdomain=it"]}]}},"_links":{"self":[{"href":"https:\/\/centaurospa.it\/fr\/wp-json\/wp\/v2\/pages\/4232","targetHints":{"allow":["GET"]}}],"collection":[{"href":"https:\/\/centaurospa.it\/fr\/wp-json\/wp\/v2\/pages"}],"about":[{"href":"https:\/\/centaurospa.it\/fr\/wp-json\/wp\/v2\/types\/page"}],"author":[{"embeddable":true,"href":"https:\/\/centaurospa.it\/fr\/wp-json\/wp\/v2\/users\/2"}],"replies":[{"embeddable":true,"href":"https:\/\/centaurospa.it\/fr\/wp-json\/wp\/v2\/comments?post=4232"}],"version-history":[{"count":1,"href":"https:\/\/centaurospa.it\/fr\/wp-json\/wp\/v2\/pages\/4232\/revisions"}],"predecessor-version":[{"id":4233,"href":"https:\/\/centaurospa.it\/fr\/wp-json\/wp\/v2\/pages\/4232\/revisions\/4233"}],"wp:attachment":[{"href":"https:\/\/centaurospa.it\/fr\/wp-json\/wp\/v2\/media?parent=4232"}],"curies":[{"name":"wp","href":"https:\/\/api.w.org\/{rel}","templated":true}]}}