{"id":4752,"date":"2025-07-03T12:04:44","date_gmt":"2025-07-03T10:04:44","guid":{"rendered":"https:\/\/centaurospa.it\/fonderie\/"},"modified":"2025-07-09T12:09:23","modified_gmt":"2025-07-09T10:09:23","slug":"fonderie","status":"publish","type":"page","link":"https:\/\/centaurospa.it\/fr\/fonderie\/","title":{"rendered":"Fonderie"},"content":{"rendered":"\t\t<div data-elementor-type=\"wp-page\" data-elementor-id=\"4752\" class=\"elementor elementor-4752 elementor-4380\" data-elementor-post-type=\"page\">\n\t\t\t\t\t\t<section class=\"elementor-section elementor-top-section elementor-element elementor-element-902a4d5 elementor-section-boxed elementor-section-height-default elementor-section-height-default\" data-id=\"902a4d5\" data-element_type=\"section\">\n\t\t\t\t\t\t<div class=\"elementor-container elementor-column-gap-default\">\n\t\t\t\t\t<div class=\"elementor-column elementor-col-100 elementor-top-column elementor-element elementor-element-878b398\" data-id=\"878b398\" data-element_type=\"column\">\n\t\t\t<div class=\"elementor-widget-wrap elementor-element-populated\">\n\t\t\t\t\t\t<div class=\"elementor-element elementor-element-cf54ffb elementor-widget elementor-widget-heading\" data-id=\"cf54ffb\" data-element_type=\"widget\" data-widget_type=\"heading.default\">\n\t\t\t\t<div class=\"elementor-widget-container\">\n\t\t\t\t\t<h2 class=\"elementor-heading-title elementor-size-default\">Centaure : un nom mondialement connu<\/h2>\t\t\t\t<\/div>\n\t\t\t\t<\/div>\n\t\t\t\t\t<\/div>\n\t\t<\/div>\n\t\t\t\t\t<\/div>\n\t\t<\/section>\n\t\t\t\t<section class=\"elementor-section elementor-top-section elementor-element elementor-element-0cc06a9 elementor-section-boxed elementor-section-height-default elementor-section-height-default\" data-id=\"0cc06a9\" data-element_type=\"section\">\n\t\t\t\t\t\t<div class=\"elementor-container elementor-column-gap-default\">\n\t\t\t\t\t<div class=\"elementor-column elementor-col-100 elementor-top-column elementor-element elementor-element-a8fcc25\" data-id=\"a8fcc25\" data-element_type=\"column\">\n\t\t\t<div class=\"elementor-widget-wrap elementor-element-populated\">\n\t\t\t\t\t\t<div class=\"elementor-element elementor-element-9c1e007 elementor-widget-divider--view-line elementor-widget elementor-widget-divider\" data-id=\"9c1e007\" data-element_type=\"widget\" data-widget_type=\"divider.default\">\n\t\t\t\t<div class=\"elementor-widget-container\">\n\t\t\t\t\t\t\t<div class=\"elementor-divider\">\n\t\t\t<span class=\"elementor-divider-separator\">\n\t\t\t\t\t\t<\/span>\n\t\t<\/div>\n\t\t\t\t\t\t<\/div>\n\t\t\t\t<\/div>\n\t\t\t\t\t<\/div>\n\t\t<\/div>\n\t\t\t\t\t<\/div>\n\t\t<\/section>\n\t\t\t\t<section class=\"elementor-section elementor-top-section elementor-element elementor-element-1bb9dd2 elementor-section-boxed elementor-section-height-default elementor-section-height-default\" data-id=\"1bb9dd2\" data-element_type=\"section\">\n\t\t\t\t\t\t<div class=\"elementor-container elementor-column-gap-default\">\n\t\t\t\t\t<div class=\"elementor-column elementor-col-100 elementor-top-column elementor-element elementor-element-8db67b0\" data-id=\"8db67b0\" data-element_type=\"column\">\n\t\t\t<div class=\"elementor-widget-wrap elementor-element-populated\">\n\t\t\t\t\t\t<section class=\"elementor-section elementor-inner-section elementor-element elementor-element-0f8b1b3 elementor-section-boxed elementor-section-height-default elementor-section-height-default\" data-id=\"0f8b1b3\" data-element_type=\"section\">\n\t\t\t\t\t\t<div class=\"elementor-container elementor-column-gap-default\">\n\t\t\t\t\t<div class=\"elementor-column elementor-col-50 elementor-inner-column elementor-element elementor-element-2e8a455\" data-id=\"2e8a455\" data-element_type=\"column\">\n\t\t\t<div class=\"elementor-widget-wrap elementor-element-populated\">\n\t\t\t\t\t\t<div class=\"elementor-element elementor-element-0aeaec5 elementor-widget elementor-widget-image\" data-id=\"0aeaec5\" data-element_type=\"widget\" data-widget_type=\"image.default\">\n\t\t\t\t<div class=\"elementor-widget-container\">\n\t\t\t\t\t\t\t\t\t\t\t\t\t\t\t<img fetchpriority=\"high\" decoding=\"async\" width=\"400\" height=\"292\" src=\"https:\/\/centaurospa.it\/2025edition\/wp-content\/uploads\/2025\/07\/centauro-storia.jpg\" class=\"attachment-large size-large wp-image-4385\" alt=\"\" srcset=\"https:\/\/centaurospa.it\/2025edition\/wp-content\/uploads\/2025\/07\/centauro-storia.jpg 400w, https:\/\/centaurospa.it\/2025edition\/wp-content\/uploads\/2025\/07\/centauro-storia-300x219.jpg 300w\" sizes=\"(max-width: 400px) 100vw, 400px\" \/>\t\t\t\t\t\t\t\t\t\t\t\t\t\t\t<\/div>\n\t\t\t\t<\/div>\n\t\t\t\t\t<\/div>\n\t\t<\/div>\n\t\t\t\t<div class=\"elementor-column elementor-col-50 elementor-inner-column elementor-element elementor-element-9748af6\" data-id=\"9748af6\" data-element_type=\"column\">\n\t\t\t<div class=\"elementor-widget-wrap elementor-element-populated\">\n\t\t\t\t\t\t<div class=\"elementor-element elementor-element-5547df9 elementor-widget elementor-widget-video\" data-id=\"5547df9\" data-element_type=\"widget\" data-settings=\"{&quot;youtube_url&quot;:&quot;https:\\\/\\\/www.youtube.com\\\/watch?v=5rOeFRasJ84&quot;,&quot;video_type&quot;:&quot;youtube&quot;,&quot;controls&quot;:&quot;yes&quot;}\" data-widget_type=\"video.default\">\n\t\t\t\t<div class=\"elementor-widget-container\">\n\t\t\t\t\t\t\t<div class=\"elementor-wrapper elementor-open-inline\">\n\t\t\t<div class=\"elementor-video\"><\/div>\t\t<\/div>\n\t\t\t\t\t\t<\/div>\n\t\t\t\t<\/div>\n\t\t\t\t\t<\/div>\n\t\t<\/div>\n\t\t\t\t\t<\/div>\n\t\t<\/section>\n\t\t\t\t<div class=\"elementor-element elementor-element-66a8954 elementor-widget elementor-widget-image-box\" data-id=\"66a8954\" data-element_type=\"widget\" data-widget_type=\"image-box.default\">\n\t\t\t\t<div class=\"elementor-widget-container\">\n\t\t\t\t\t<div class=\"elementor-image-box-wrapper\"><div class=\"elementor-image-box-content\"><p class=\"elementor-image-box-description\">Centauro, entreprise familiale, a \u00e9t\u00e9 fond\u00e9e en 1946 \u00e0 partir d'une exp\u00e9rience industrielle ant\u00e9rieure de la famille qui a d\u00e9but\u00e9 dans les ann\u00e9es 1930.\nCentauro devient un nom mondialement connu pour la production de scies \u00e0 ruban.\nDans les ann\u00e9es 70, la gamme de produits s'est \u00e9largie avec des mod\u00e8les de tours manuels et hydrauliques et plus tard avec des mod\u00e8les CNC.\nDans les ann\u00e9es 80, Centauro, contrairement \u00e0 d'autres fabricants, a d\u00e9cid\u00e9 de maintenir et de d\u00e9velopper sa propre FONDERIE, afin de g\u00e9rer le processus de production en interne.\nAu cours des m\u00eames ann\u00e9es, la gamme de produits s'est enrichie de machines \u00e0 rogner, de mortaiseuses et de mortaiseuses.\nCentauro est pr\u00e9sent dans le monde entier \u00e0 travers 500 revendeurs, avec lesquels il a construit des relations de collaboration fructueuses.\nLa FONDERIE a continu\u00e9 \u00e0 investir et produit actuellement plus de 90% pour des clients tiers.<\/p><\/div><\/div>\t\t\t\t<\/div>\n\t\t\t\t<\/div>\n\t\t\t\t\t<\/div>\n\t\t<\/div>\n\t\t\t\t\t<\/div>\n\t\t<\/section>\n\t\t\t\t<section class=\"elementor-section elementor-top-section elementor-element elementor-element-962d2d3 elementor-section-boxed elementor-section-height-default elementor-section-height-default\" data-id=\"962d2d3\" data-element_type=\"section\">\n\t\t\t\t\t\t<div class=\"elementor-container elementor-column-gap-default\">\n\t\t\t\t\t<div class=\"elementor-column elementor-col-100 elementor-top-column elementor-element elementor-element-490691e\" data-id=\"490691e\" data-element_type=\"column\">\n\t\t\t<div class=\"elementor-widget-wrap elementor-element-populated\">\n\t\t\t\t\t\t<section class=\"elementor-section elementor-inner-section elementor-element elementor-element-88f0aaa elementor-section-full_width elementor-section-height-default elementor-section-height-default\" data-id=\"88f0aaa\" data-element_type=\"section\">\n\t\t\t\t\t\t<div class=\"elementor-container elementor-column-gap-default\">\n\t\t\t\t\t<div class=\"elementor-column elementor-col-50 elementor-inner-column elementor-element elementor-element-f4fbc26\" data-id=\"f4fbc26\" data-element_type=\"column\">\n\t\t\t<div class=\"elementor-widget-wrap elementor-element-populated\">\n\t\t\t\t\t\t<div class=\"elementor-element elementor-element-823e31f elementor-widget elementor-widget-heading\" data-id=\"823e31f\" data-element_type=\"widget\" data-widget_type=\"heading.default\">\n\t\t\t\t<div class=\"elementor-widget-container\">\n\t\t\t\t\t<h2 class=\"elementor-heading-title elementor-size-default\"><b>Division Fonderie<\/b><\/h2>\t\t\t\t<\/div>\n\t\t\t\t<\/div>\n\t\t\t\t<div class=\"elementor-element elementor-element-f9d9051 elementor-widget elementor-widget-text-editor\" data-id=\"f9d9051\" data-element_type=\"widget\" data-widget_type=\"text-editor.default\">\n\t\t\t\t<div class=\"elementor-widget-container\">\n\t\t\t\t\t\t\t\t\t<p>Le secteur des machines \u00e0 bois est flanqu\u00e9 de la division Fonderie avec une capacit\u00e9 de production annuelle de 2 800 tonnes de pi\u00e8ces moul\u00e9es en fonte qui, en plus de satisfaire pleinement les besoins de l&rsquo;entreprise, sont destin\u00e9es \u00e0 80 % \u00e0 des clients tiers.<\/p>\t\t\t\t\t\t\t\t<\/div>\n\t\t\t\t<\/div>\n\t\t\t\t<div class=\"elementor-element elementor-element-2c5c88a elementor-widget elementor-widget-text-editor\" data-id=\"2c5c88a\" data-element_type=\"widget\" data-widget_type=\"text-editor.default\">\n\t\t\t\t<div class=\"elementor-widget-container\">\n\t\t\t\t\t\t\t\t\t<p><strong>La Division Fonderie est sp\u00e9cialis\u00e9e dans la production de pi\u00e8ces moul\u00e9es en fonte grise et sph\u00e9ro\u00efdale, en petites, moyennes et grandes s\u00e9ries, d&rsquo;un poids unitaire de quelques dizaines de grammes jusqu&rsquo;\u00e0 7-8 tonnes.<\/strong><\/p><p>Nous collaborons avec des entreprises des secteurs les plus vari\u00e9s, notamment des fabricants de : pompes, vannes, compresseurs, r\u00e9ducteurs, moteurs, actionneurs, machines-outils, machines \u00e0 bois, machines \u00e0 m\u00e9taux, machines textiles, machines agricoles, machines automatiques, machines et syst\u00e8mes en g\u00e9n\u00e9ral, prototypes, pi\u00e8ces sp\u00e9ciales. <\/p>\t\t\t\t\t\t\t\t<\/div>\n\t\t\t\t<\/div>\n\t\t\t\t<div class=\"elementor-element elementor-element-d31de40 elementor-align-left elementor-widget__width-auto elementor-widget elementor-widget-button\" data-id=\"d31de40\" data-element_type=\"widget\" data-widget_type=\"button.default\">\n\t\t\t\t<div class=\"elementor-widget-container\">\n\t\t\t\t\t\t\t\t\t<div class=\"elementor-button-wrapper\">\n\t\t\t\t\t<a class=\"elementor-button elementor-button-link elementor-size-sm elementor-animation-shrink\" href=\"https:\/\/www.centaurospa.it\/new\/prodotti-fonderia\/?_gl=1*kzvkqq*_up*MQ..*_ga*Mzc3OTExMjY5LjE3NTE1MzgwNDE.*_ga_WZXPDNFK6T*czE3NTE1MzgwMzgkbzEkZzEkdDE3NTE1MzgwMzgkajYwJGwwJGg0ODQ3MjQwMjY.\">\n\t\t\t\t\t\t<span class=\"elementor-button-content-wrapper\">\n\t\t\t\t\t\t\t\t\t<span class=\"elementor-button-text\">Voir tous les produits de fonderie<\/span>\n\t\t\t\t\t<\/span>\n\t\t\t\t\t<\/a>\n\t\t\t\t<\/div>\n\t\t\t\t\t\t\t\t<\/div>\n\t\t\t\t<\/div>\n\t\t\t\t<div class=\"elementor-element elementor-element-9f0c60c elementor-align-left elementor-widget__width-auto elementor-widget elementor-widget-button\" data-id=\"9f0c60c\" data-element_type=\"widget\" data-widget_type=\"button.default\">\n\t\t\t\t<div class=\"elementor-widget-container\">\n\t\t\t\t\t\t\t\t\t<div class=\"elementor-button-wrapper\">\n\t\t\t\t\t<a class=\"elementor-button elementor-button-link elementor-size-sm elementor-animation-shrink\" href=\"https:\/\/centaurospa.it\/fr\/lignes-de-production\/\">\n\t\t\t\t\t\t<span class=\"elementor-button-content-wrapper\">\n\t\t\t\t\t\t\t\t\t<span class=\"elementor-button-text\">D\u00e9couvrez les lignes de production<\/span>\n\t\t\t\t\t<\/span>\n\t\t\t\t\t<\/a>\n\t\t\t\t<\/div>\n\t\t\t\t\t\t\t\t<\/div>\n\t\t\t\t<\/div>\n\t\t\t\t\t<\/div>\n\t\t<\/div>\n\t\t\t\t<div class=\"elementor-column elementor-col-50 elementor-inner-column elementor-element elementor-element-27d1e6d elementor-hidden-tablet elementor-hidden-mobile\" data-id=\"27d1e6d\" data-element_type=\"column\">\n\t\t\t<div class=\"elementor-widget-wrap elementor-element-populated\">\n\t\t\t\t\t\t<div class=\"elementor-element elementor-element-0c140d6 elementor-widget elementor-widget-image\" data-id=\"0c140d6\" data-element_type=\"widget\" data-widget_type=\"image.default\">\n\t\t\t\t<div class=\"elementor-widget-container\">\n\t\t\t\t\t\t\t\t\t\t\t\t\t\t\t<img decoding=\"async\" width=\"300\" height=\"109\" src=\"https:\/\/centaurospa.it\/2025edition\/wp-content\/uploads\/2025\/07\/fonderia-centauro.jpg\" class=\"attachment-full size-full wp-image-4395\" alt=\"\" \/>\t\t\t\t\t\t\t\t\t\t\t\t\t\t\t<\/div>\n\t\t\t\t<\/div>\n\t\t\t\t<div class=\"elementor-element elementor-element-b9dd7b2 elementor-widget elementor-widget-image\" data-id=\"b9dd7b2\" data-element_type=\"widget\" data-widget_type=\"image.default\">\n\t\t\t\t<div class=\"elementor-widget-container\">\n\t\t\t\t\t\t\t\t\t\t\t\t\t\t\t<img decoding=\"async\" width=\"150\" height=\"150\" src=\"https:\/\/centaurospa.it\/2025edition\/wp-content\/uploads\/2025\/07\/reparto-fusorio-1-150x150-1.jpg\" class=\"attachment-full size-full wp-image-4400\" alt=\"\" \/>\t\t\t\t\t\t\t\t\t\t\t\t\t\t\t<\/div>\n\t\t\t\t<\/div>\n\t\t\t\t<div class=\"elementor-element elementor-element-9d78b05 elementor-widget elementor-widget-image\" data-id=\"9d78b05\" data-element_type=\"widget\" data-widget_type=\"image.default\">\n\t\t\t\t<div class=\"elementor-widget-container\">\n\t\t\t\t\t\t\t\t\t\t\t\t\t\t\t<img loading=\"lazy\" decoding=\"async\" width=\"400\" height=\"292\" src=\"https:\/\/centaurospa.it\/2025edition\/wp-content\/uploads\/2025\/07\/centauro-storia.jpg\" class=\"attachment-full size-full wp-image-4385\" alt=\"\" srcset=\"https:\/\/centaurospa.it\/2025edition\/wp-content\/uploads\/2025\/07\/centauro-storia.jpg 400w, https:\/\/centaurospa.it\/2025edition\/wp-content\/uploads\/2025\/07\/centauro-storia-300x219.jpg 300w\" sizes=\"(max-width: 400px) 100vw, 400px\" \/>\t\t\t\t\t\t\t\t\t\t\t\t\t\t\t<\/div>\n\t\t\t\t<\/div>\n\t\t\t\t\t<\/div>\n\t\t<\/div>\n\t\t\t\t\t<\/div>\n\t\t<\/section>\n\t\t\t\t\t<\/div>\n\t\t<\/div>\n\t\t\t\t\t<\/div>\n\t\t<\/section>\n\t\t\t\t<section class=\"elementor-section elementor-top-section elementor-element elementor-element-8b4972f elementor-section-boxed elementor-section-height-default elementor-section-height-default\" data-id=\"8b4972f\" data-element_type=\"section\">\n\t\t\t\t\t\t<div class=\"elementor-container elementor-column-gap-default\">\n\t\t\t\t\t<div class=\"elementor-column elementor-col-100 elementor-top-column elementor-element elementor-element-0c616cc\" data-id=\"0c616cc\" data-element_type=\"column\">\n\t\t\t<div class=\"elementor-widget-wrap elementor-element-populated\">\n\t\t\t\t\t\t<section class=\"elementor-section elementor-inner-section elementor-element elementor-element-6424162 elementor-section-full_width elementor-section-height-default elementor-section-height-default\" data-id=\"6424162\" data-element_type=\"section\">\n\t\t\t\t\t\t<div class=\"elementor-container elementor-column-gap-default\">\n\t\t\t\t\t<div class=\"elementor-column elementor-col-100 elementor-inner-column elementor-element elementor-element-113f982\" data-id=\"113f982\" data-element_type=\"column\">\n\t\t\t<div class=\"elementor-widget-wrap elementor-element-populated\">\n\t\t\t\t\t\t<div class=\"elementor-element elementor-element-41edd66 elementor-widget elementor-widget-video\" data-id=\"41edd66\" data-element_type=\"widget\" data-settings=\"{&quot;youtube_url&quot;:&quot;https:\\\/\\\/youtu.be\\\/5rOeFRasJ84&quot;,&quot;yt_privacy&quot;:&quot;yes&quot;,&quot;video_type&quot;:&quot;youtube&quot;,&quot;controls&quot;:&quot;yes&quot;}\" data-widget_type=\"video.default\">\n\t\t\t\t<div class=\"elementor-widget-container\">\n\t\t\t\t\t\t\t<div class=\"elementor-wrapper elementor-open-inline\">\n\t\t\t<div class=\"elementor-video\"><\/div>\t\t<\/div>\n\t\t\t\t\t\t<\/div>\n\t\t\t\t<\/div>\n\t\t\t\t\t<\/div>\n\t\t<\/div>\n\t\t\t\t\t<\/div>\n\t\t<\/section>\n\t\t\t\t\t<\/div>\n\t\t<\/div>\n\t\t\t\t\t<\/div>\n\t\t<\/section>\n\t\t\t\t<\/div>\n\t\t","protected":false},"excerpt":{"rendered":"<p>Centaure : un nom mondialement connu Centauro, entreprise familiale, a \u00e9t\u00e9 fond\u00e9e en 1946 \u00e0 partir d&rsquo;une exp\u00e9rience industrielle ant\u00e9rieure de la famille qui a d\u00e9but\u00e9 dans les ann\u00e9es 1930. Centauro devient un nom mondialement connu pour la production de scies \u00e0 ruban. Dans les ann\u00e9es 70, la gamme de produits s&rsquo;est \u00e9largie avec des [&hellip;]<\/p>\n","protected":false},"author":2,"featured_media":0,"parent":0,"menu_order":0,"comment_status":"closed","ping_status":"closed","template":"elementor_header_footer","meta":{"footnotes":""},"class_list":["post-4752","page","type-page","status-publish","hentry"],"yoast_head":"<!-- This site is optimized with the Yoast SEO plugin v26.8 - https:\/\/yoast.com\/product\/yoast-seo-wordpress\/ -->\n<title>Fonderie - Centauro<\/title>\n<meta name=\"robots\" content=\"index, follow, max-snippet:-1, max-image-preview:large, max-video-preview:-1\" \/>\n<link rel=\"canonical\" href=\"https:\/\/centaurospa.it\/fr\/fonderie\/\" \/>\n<meta property=\"og:locale\" content=\"fr_FR\" \/>\n<meta property=\"og:type\" content=\"article\" \/>\n<meta property=\"og:title\" content=\"Fonderie - Centauro\" \/>\n<meta property=\"og:description\" content=\"Centaure : un nom mondialement connu Centauro, entreprise familiale, a \u00e9t\u00e9 fond\u00e9e en 1946 \u00e0 partir d&rsquo;une exp\u00e9rience industrielle ant\u00e9rieure de la famille qui a d\u00e9but\u00e9 dans les ann\u00e9es 1930. Centauro devient un nom mondialement connu pour la production de scies \u00e0 ruban. Dans les ann\u00e9es 70, la gamme de produits s&rsquo;est \u00e9largie avec des [&hellip;]\" \/>\n<meta property=\"og:url\" content=\"https:\/\/centaurospa.it\/fr\/fonderie\/\" \/>\n<meta property=\"og:site_name\" content=\"Centauro\" \/>\n<meta property=\"article:publisher\" content=\"https:\/\/www.facebook.com\/p\/Centauro-SPA-100063529692066\/\" \/>\n<meta property=\"article:modified_time\" content=\"2025-07-09T10:09:23+00:00\" \/>\n<meta property=\"og:image\" content=\"https:\/\/centaurospa.it\/2025edition\/wp-content\/uploads\/2025\/07\/centauro-storia.jpg\" \/>\n\t<meta property=\"og:image:width\" content=\"400\" \/>\n\t<meta property=\"og:image:height\" content=\"292\" \/>\n\t<meta property=\"og:image:type\" content=\"image\/jpeg\" \/>\n<meta name=\"twitter:card\" content=\"summary_large_image\" \/>\n<meta name=\"twitter:label1\" content=\"Dur\u00e9e de lecture estim\u00e9e\" \/>\n\t<meta name=\"twitter:data1\" content=\"2 minutes\" \/>\n<script type=\"application\/ld+json\" class=\"yoast-schema-graph\">{\"@context\":\"https:\/\/schema.org\",\"@graph\":[{\"@type\":\"WebPage\",\"@id\":\"https:\/\/centaurospa.it\/fr\/fonderie\/\",\"url\":\"https:\/\/centaurospa.it\/fr\/fonderie\/\",\"name\":\"Fonderie - Centauro\",\"isPartOf\":{\"@id\":\"https:\/\/centaurospa.it\/fr\/#website\"},\"primaryImageOfPage\":{\"@id\":\"https:\/\/centaurospa.it\/fr\/fonderie\/#primaryimage\"},\"image\":{\"@id\":\"https:\/\/centaurospa.it\/fr\/fonderie\/#primaryimage\"},\"thumbnailUrl\":\"https:\/\/centaurospa.it\/2025edition\/wp-content\/uploads\/2025\/07\/centauro-storia.jpg\",\"datePublished\":\"2025-07-03T10:04:44+00:00\",\"dateModified\":\"2025-07-09T10:09:23+00:00\",\"breadcrumb\":{\"@id\":\"https:\/\/centaurospa.it\/fr\/fonderie\/#breadcrumb\"},\"inLanguage\":\"fr-FR\",\"potentialAction\":[{\"@type\":\"ReadAction\",\"target\":[\"https:\/\/centaurospa.it\/fr\/fonderie\/\"]}]},{\"@type\":\"ImageObject\",\"inLanguage\":\"fr-FR\",\"@id\":\"https:\/\/centaurospa.it\/fr\/fonderie\/#primaryimage\",\"url\":\"https:\/\/centaurospa.it\/2025edition\/wp-content\/uploads\/2025\/07\/centauro-storia.jpg\",\"contentUrl\":\"https:\/\/centaurospa.it\/2025edition\/wp-content\/uploads\/2025\/07\/centauro-storia.jpg\"},{\"@type\":\"BreadcrumbList\",\"@id\":\"https:\/\/centaurospa.it\/fr\/fonderie\/#breadcrumb\",\"itemListElement\":[{\"@type\":\"ListItem\",\"position\":1,\"name\":\"Home\",\"item\":\"https:\/\/centaurospa.it\/fr\/accueil\/\"},{\"@type\":\"ListItem\",\"position\":2,\"name\":\"Fonderie\"}]},{\"@type\":\"WebSite\",\"@id\":\"https:\/\/centaurospa.it\/fr\/#website\",\"url\":\"https:\/\/centaurospa.it\/fr\/\",\"name\":\"Seghe per legno e altri materiali\",\"description\":\"Seghe per legno e altri materiali\",\"publisher\":{\"@id\":\"https:\/\/centaurospa.it\/fr\/#organization\"},\"potentialAction\":[{\"@type\":\"SearchAction\",\"target\":{\"@type\":\"EntryPoint\",\"urlTemplate\":\"https:\/\/centaurospa.it\/fr\/?s={search_term_string}\"},\"query-input\":{\"@type\":\"PropertyValueSpecification\",\"valueRequired\":true,\"valueName\":\"search_term_string\"}}],\"inLanguage\":\"fr-FR\"},{\"@type\":\"Organization\",\"@id\":\"https:\/\/centaurospa.it\/fr\/#organization\",\"name\":\"Centuaro\",\"url\":\"https:\/\/centaurospa.it\/fr\/\",\"logo\":{\"@type\":\"ImageObject\",\"inLanguage\":\"fr-FR\",\"@id\":\"https:\/\/centaurospa.it\/fr\/#\/schema\/logo\/image\/\",\"url\":\"https:\/\/centaurospa.it\/2025edition\/wp-content\/uploads\/2025\/03\/logo-centauro_0311-1.jpg\",\"contentUrl\":\"https:\/\/centaurospa.it\/2025edition\/wp-content\/uploads\/2025\/03\/logo-centauro_0311-1.jpg\",\"width\":242,\"height\":242,\"caption\":\"Centuaro\"},\"image\":{\"@id\":\"https:\/\/centaurospa.it\/fr\/#\/schema\/logo\/image\/\"},\"sameAs\":[\"https:\/\/www.facebook.com\/p\/Centauro-SPA-100063529692066\/\",\"https:\/\/www.instagram.com\/centauro_woodworking_\/?locale=Onlineentertainmentrealpersonelectronicchessandcardslotterysportscomprehensivereputation(TelegramUUjd888888).abuk&hl=af\",\"https:\/\/www.linkedin.com\/company\/centauro-spa\/?originalSubdomain=it\"]}]}<\/script>\n<!-- \/ Yoast SEO plugin. -->","yoast_head_json":{"title":"Fonderie - Centauro","robots":{"index":"index","follow":"follow","max-snippet":"max-snippet:-1","max-image-preview":"max-image-preview:large","max-video-preview":"max-video-preview:-1"},"canonical":"https:\/\/centaurospa.it\/fr\/fonderie\/","og_locale":"fr_FR","og_type":"article","og_title":"Fonderie - Centauro","og_description":"Centaure : un nom mondialement connu Centauro, entreprise familiale, a \u00e9t\u00e9 fond\u00e9e en 1946 \u00e0 partir d&rsquo;une exp\u00e9rience industrielle ant\u00e9rieure de la famille qui a d\u00e9but\u00e9 dans les ann\u00e9es 1930. Centauro devient un nom mondialement connu pour la production de scies \u00e0 ruban. Dans les ann\u00e9es 70, la gamme de produits s&rsquo;est \u00e9largie avec des [&hellip;]","og_url":"https:\/\/centaurospa.it\/fr\/fonderie\/","og_site_name":"Centauro","article_publisher":"https:\/\/www.facebook.com\/p\/Centauro-SPA-100063529692066\/","article_modified_time":"2025-07-09T10:09:23+00:00","og_image":[{"width":400,"height":292,"url":"https:\/\/centaurospa.it\/2025edition\/wp-content\/uploads\/2025\/07\/centauro-storia.jpg","type":"image\/jpeg"}],"twitter_card":"summary_large_image","twitter_misc":{"Dur\u00e9e de lecture estim\u00e9e":"2 minutes"},"schema":{"@context":"https:\/\/schema.org","@graph":[{"@type":"WebPage","@id":"https:\/\/centaurospa.it\/fr\/fonderie\/","url":"https:\/\/centaurospa.it\/fr\/fonderie\/","name":"Fonderie - Centauro","isPartOf":{"@id":"https:\/\/centaurospa.it\/fr\/#website"},"primaryImageOfPage":{"@id":"https:\/\/centaurospa.it\/fr\/fonderie\/#primaryimage"},"image":{"@id":"https:\/\/centaurospa.it\/fr\/fonderie\/#primaryimage"},"thumbnailUrl":"https:\/\/centaurospa.it\/2025edition\/wp-content\/uploads\/2025\/07\/centauro-storia.jpg","datePublished":"2025-07-03T10:04:44+00:00","dateModified":"2025-07-09T10:09:23+00:00","breadcrumb":{"@id":"https:\/\/centaurospa.it\/fr\/fonderie\/#breadcrumb"},"inLanguage":"fr-FR","potentialAction":[{"@type":"ReadAction","target":["https:\/\/centaurospa.it\/fr\/fonderie\/"]}]},{"@type":"ImageObject","inLanguage":"fr-FR","@id":"https:\/\/centaurospa.it\/fr\/fonderie\/#primaryimage","url":"https:\/\/centaurospa.it\/2025edition\/wp-content\/uploads\/2025\/07\/centauro-storia.jpg","contentUrl":"https:\/\/centaurospa.it\/2025edition\/wp-content\/uploads\/2025\/07\/centauro-storia.jpg"},{"@type":"BreadcrumbList","@id":"https:\/\/centaurospa.it\/fr\/fonderie\/#breadcrumb","itemListElement":[{"@type":"ListItem","position":1,"name":"Home","item":"https:\/\/centaurospa.it\/fr\/accueil\/"},{"@type":"ListItem","position":2,"name":"Fonderie"}]},{"@type":"WebSite","@id":"https:\/\/centaurospa.it\/fr\/#website","url":"https:\/\/centaurospa.it\/fr\/","name":"Seghe per legno e altri materiali","description":"Seghe per legno e altri materiali","publisher":{"@id":"https:\/\/centaurospa.it\/fr\/#organization"},"potentialAction":[{"@type":"SearchAction","target":{"@type":"EntryPoint","urlTemplate":"https:\/\/centaurospa.it\/fr\/?s={search_term_string}"},"query-input":{"@type":"PropertyValueSpecification","valueRequired":true,"valueName":"search_term_string"}}],"inLanguage":"fr-FR"},{"@type":"Organization","@id":"https:\/\/centaurospa.it\/fr\/#organization","name":"Centuaro","url":"https:\/\/centaurospa.it\/fr\/","logo":{"@type":"ImageObject","inLanguage":"fr-FR","@id":"https:\/\/centaurospa.it\/fr\/#\/schema\/logo\/image\/","url":"https:\/\/centaurospa.it\/2025edition\/wp-content\/uploads\/2025\/03\/logo-centauro_0311-1.jpg","contentUrl":"https:\/\/centaurospa.it\/2025edition\/wp-content\/uploads\/2025\/03\/logo-centauro_0311-1.jpg","width":242,"height":242,"caption":"Centuaro"},"image":{"@id":"https:\/\/centaurospa.it\/fr\/#\/schema\/logo\/image\/"},"sameAs":["https:\/\/www.facebook.com\/p\/Centauro-SPA-100063529692066\/","https:\/\/www.instagram.com\/centauro_woodworking_\/?locale=Onlineentertainmentrealpersonelectronicchessandcardslotterysportscomprehensivereputation(TelegramUUjd888888).abuk&hl=af","https:\/\/www.linkedin.com\/company\/centauro-spa\/?originalSubdomain=it"]}]}},"_links":{"self":[{"href":"https:\/\/centaurospa.it\/fr\/wp-json\/wp\/v2\/pages\/4752","targetHints":{"allow":["GET"]}}],"collection":[{"href":"https:\/\/centaurospa.it\/fr\/wp-json\/wp\/v2\/pages"}],"about":[{"href":"https:\/\/centaurospa.it\/fr\/wp-json\/wp\/v2\/types\/page"}],"author":[{"embeddable":true,"href":"https:\/\/centaurospa.it\/fr\/wp-json\/wp\/v2\/users\/2"}],"replies":[{"embeddable":true,"href":"https:\/\/centaurospa.it\/fr\/wp-json\/wp\/v2\/comments?post=4752"}],"version-history":[{"count":2,"href":"https:\/\/centaurospa.it\/fr\/wp-json\/wp\/v2\/pages\/4752\/revisions"}],"predecessor-version":[{"id":4763,"href":"https:\/\/centaurospa.it\/fr\/wp-json\/wp\/v2\/pages\/4752\/revisions\/4763"}],"wp:attachment":[{"href":"https:\/\/centaurospa.it\/fr\/wp-json\/wp\/v2\/media?parent=4752"}],"curies":[{"name":"wp","href":"https:\/\/api.w.org\/{rel}","templated":true}]}}